{"id":175,"date":"2014-03-04T16:52:38","date_gmt":"2014-03-04T21:52:38","guid":{"rendered":"http:\/\/www.mimemario.com\/?page_id=175"},"modified":"2025-05-09T09:24:36","modified_gmt":"2025-05-09T13:24:36","slug":"home","status":"publish","type":"page","link":"https:\/\/www.mimemario.com\/en\/","title":{"rendered":"Welcome to MimeMario.com"},"content":{"rendered":"\t\t<div data-elementor-type=\"wp-page\" data-elementor-id=\"175\" class=\"elementor elementor-175 elementor-2\" data-elementor-post-type=\"page\">\n\t\t\t\t\t\t<section class=\"elementor-section elementor-top-section elementor-element elementor-element-6677b6b2 elementor-section-boxed elementor-section-height-default elementor-section-height-default\" data-id=\"6677b6b2\" data-element_type=\"section\" data-e-type=\"section\" data-settings=\"{&quot;background_background&quot;:&quot;classic&quot;}\">\n\t\t\t\t\t\t<div class=\"elementor-container elementor-column-gap-default\">\n\t\t\t\t\t<div class=\"elementor-column elementor-col-50 elementor-top-column elementor-element elementor-element-777f56\" data-id=\"777f56\" data-element_type=\"column\" data-e-type=\"column\">\n\t\t\t<div class=\"elementor-widget-wrap elementor-element-populated\">\n\t\t\t\t\t\t<div class=\"elementor-element elementor-element-b018ff0 elementor-widget elementor-widget-heading\" data-id=\"b018ff0\" data-element_type=\"widget\" data-e-type=\"widget\" data-widget_type=\"heading.default\">\n\t\t\t\t<div class=\"elementor-widget-container\">\n\t\t\t\t\t<h2 class=\"elementor-heading-title elementor-size-default\">Welcome to MimeMario.com<\/h2>\t\t\t\t<\/div>\n\t\t\t\t<\/div>\n\t\t\t\t<div class=\"elementor-element elementor-element-42e46620 elementor-widget elementor-widget-text-editor\" data-id=\"42e46620\" data-element_type=\"widget\" data-e-type=\"widget\" data-widget_type=\"text-editor.default\">\n\t\t\t\t<div class=\"elementor-widget-container\">\n\t\t\t\t\t\t\t\t\t<p>MARIO DIAMOND,<\/p>\t\t\t\t\t\t\t\t<\/div>\n\t\t\t\t<\/div>\n\t\t\t\t<div class=\"elementor-element elementor-element-871efbd elementor-widget elementor-widget-text-editor\" data-id=\"871efbd\" data-element_type=\"widget\" data-e-type=\"widget\" data-widget_type=\"text-editor.default\">\n\t\t\t\t<div class=\"elementor-widget-container\">\n\t\t\t\t\t\t\t\t\t<p>Mime and circus artist from Montr\u00e9al, author of <a href=\"https:\/\/www.mimemario.com\/en\/book\/\">the book of mime Body Talk<\/a>. Mario travels the world since 1976, performing in corporate shows, circus and schools.<\/p><p>Founder of <a href=\"https:\/\/www.mimemario.com\/en\/online-school\/\">the online school of mime Body Talk<\/a> and mime teacher in different circus schools, in Canada and United States, he is also teaching physical acting to actors, Olympic figure skaters, and politicians.<\/p><p>Besides his own characters, Mario has performed in different style such as <a href=\"https:\/\/www.mimemario.com\/en\/yoyo\/\">classical mime<\/a>, Marcel Marceau type, <a href=\"https:\/\/www.mimemario.com\/en\/the-robot\/\">robot<\/a> and <a href=\"https:\/\/www.mimemario.com\/en\/victor-21\/\">cybernetic motions<\/a> or impersonating The Tramp, legendary character of <a href=\"https:\/\/www.mimemario.com\/en\/charlie-chaplin\/\">Charlie Chaplin<\/a>.<\/p><p>Another side of his work brought him to movies, television shows and publicity, especially to give life to monsters or characters in FX movies.<\/p>\t\t\t\t\t\t\t\t<\/div>\n\t\t\t\t<\/div>\n\t\t\t\t<section class=\"elementor-section elementor-inner-section elementor-element elementor-element-1b524408 elementor-section-boxed elementor-section-height-default elementor-section-height-default\" data-id=\"1b524408\" data-element_type=\"section\" data-e-type=\"section\">\n\t\t\t\t\t\t<div class=\"elementor-container elementor-column-gap-default\">\n\t\t\t\t\t<div class=\"elementor-column elementor-col-50 elementor-inner-column elementor-element elementor-element-1f551de0\" data-id=\"1f551de0\" data-element_type=\"column\" data-e-type=\"column\">\n\t\t\t<div class=\"elementor-widget-wrap elementor-element-populated\">\n\t\t\t\t\t\t<div class=\"elementor-element elementor-element-4a6db906 elementor-widget elementor-widget-image\" data-id=\"4a6db906\" data-element_type=\"widget\" data-e-type=\"widget\" data-widget_type=\"image.default\">\n\t\t\t\t<div class=\"elementor-widget-container\">\n\t\t\t\t\t\t\t\t\t\t\t\t\t\t\t<img fetchpriority=\"high\" decoding=\"async\" width=\"217\" height=\"325\" src=\"https:\/\/www.mimemario.com\/wp-content\/uploads\/2021\/10\/mime-book.jpg\" class=\"attachment-large size-large wp-image-484\" alt=\"Mime Mario - Le livre\" srcset=\"https:\/\/www.mimemario.com\/wp-content\/uploads\/2021\/10\/mime-book.jpg 217w, https:\/\/www.mimemario.com\/wp-content\/uploads\/2021\/10\/mime-book-200x300.jpg 200w, https:\/\/www.mimemario.com\/wp-content\/uploads\/2021\/10\/mime-book-100x150.jpg 100w, https:\/\/www.mimemario.com\/wp-content\/uploads\/2021\/10\/mime-book-150x225.jpg 150w\" sizes=\"(max-width: 217px) 100vw, 217px\" \/>\t\t\t\t\t\t\t\t\t\t\t\t\t\t\t<\/div>\n\t\t\t\t<\/div>\n\t\t\t\t<div class=\"elementor-element elementor-element-55dcc4d4 elementor-align-center elementor-widget elementor-widget-button\" data-id=\"55dcc4d4\" data-element_type=\"widget\" data-e-type=\"widget\" data-widget_type=\"button.default\">\n\t\t\t\t<div class=\"elementor-widget-container\">\n\t\t\t\t\t\t\t\t\t<div class=\"elementor-button-wrapper\">\n\t\t\t\t\t<a class=\"elementor-button elementor-button-link elementor-size-sm\" href=\"https:\/\/www.mimemario.com\/en\/book\/\">\n\t\t\t\t\t\t<span class=\"elementor-button-content-wrapper\">\n\t\t\t\t\t\t<span class=\"elementor-button-icon\">\n\t\t\t\t<i aria-hidden=\"true\" class=\"fas fa-arrow-right\"><\/i>\t\t\t<\/span>\n\t\t\t\t\t\t\t\t\t<span class=\"elementor-button-text\">See the book<\/span>\n\t\t\t\t\t<\/span>\n\t\t\t\t\t<\/a>\n\t\t\t\t<\/div>\n\t\t\t\t\t\t\t\t<\/div>\n\t\t\t\t<\/div>\n\t\t\t\t\t<\/div>\n\t\t<\/div>\n\t\t\t\t<div class=\"elementor-column elementor-col-50 elementor-inner-column elementor-element elementor-element-2331139c\" data-id=\"2331139c\" data-element_type=\"column\" data-e-type=\"column\">\n\t\t\t<div class=\"elementor-widget-wrap elementor-element-populated\">\n\t\t\t\t\t\t<div class=\"elementor-element elementor-element-8d0888b elementor-widget elementor-widget-image\" data-id=\"8d0888b\" data-element_type=\"widget\" data-e-type=\"widget\" data-widget_type=\"image.default\">\n\t\t\t\t<div class=\"elementor-widget-container\">\n\t\t\t\t\t\t\t\t\t\t\t\t\t\t\t<img decoding=\"async\" width=\"217\" height=\"325\" src=\"https:\/\/www.mimemario.com\/wp-content\/uploads\/2021\/10\/mime-ecole.jpg\" class=\"attachment-large size-large wp-image-485\" alt=\"Mime Mario - Ecole Virtuel\" srcset=\"https:\/\/www.mimemario.com\/wp-content\/uploads\/2021\/10\/mime-ecole.jpg 217w, https:\/\/www.mimemario.com\/wp-content\/uploads\/2021\/10\/mime-ecole-200x300.jpg 200w, https:\/\/www.mimemario.com\/wp-content\/uploads\/2021\/10\/mime-ecole-100x150.jpg 100w, https:\/\/www.mimemario.com\/wp-content\/uploads\/2021\/10\/mime-ecole-150x225.jpg 150w\" sizes=\"(max-width: 217px) 100vw, 217px\" \/>\t\t\t\t\t\t\t\t\t\t\t\t\t\t\t<\/div>\n\t\t\t\t<\/div>\n\t\t\t\t<div class=\"elementor-element elementor-element-126c0e3 elementor-align-center elementor-widget__width-inherit elementor-widget elementor-widget-button\" data-id=\"126c0e3\" data-element_type=\"widget\" data-e-type=\"widget\" data-widget_type=\"button.default\">\n\t\t\t\t<div class=\"elementor-widget-container\">\n\t\t\t\t\t\t\t\t\t<div class=\"elementor-button-wrapper\">\n\t\t\t\t\t<a class=\"elementor-button elementor-button-link elementor-size-sm\" href=\"https:\/\/www.mimemario.com\/en\/online-school\/\">\n\t\t\t\t\t\t<span class=\"elementor-button-content-wrapper\">\n\t\t\t\t\t\t<span class=\"elementor-button-icon\">\n\t\t\t\t<i aria-hidden=\"true\" class=\"fas fa-arrow-right\"><\/i>\t\t\t<\/span>\n\t\t\t\t\t\t\t\t\t<span class=\"elementor-button-text\">See the online school<\/span>\n\t\t\t\t\t<\/span>\n\t\t\t\t\t<\/a>\n\t\t\t\t<\/div>\n\t\t\t\t\t\t\t\t<\/div>\n\t\t\t\t<\/div>\n\t\t\t\t\t<\/div>\n\t\t<\/div>\n\t\t\t\t\t<\/div>\n\t\t<\/section>\n\t\t\t\t\t<\/div>\n\t\t<\/div>\n\t\t\t\t<div class=\"elementor-column elementor-col-50 elementor-top-column elementor-element elementor-element-7a0afba1\" data-id=\"7a0afba1\" data-element_type=\"column\" data-e-type=\"column\">\n\t\t\t<div class=\"elementor-widget-wrap elementor-element-populated\">\n\t\t\t\t\t\t<div class=\"elementor-element elementor-element-2345e2b1 elementor-widget elementor-widget-image\" data-id=\"2345e2b1\" data-element_type=\"widget\" data-e-type=\"widget\" data-widget_type=\"image.default\">\n\t\t\t\t<div class=\"elementor-widget-container\">\n\t\t\t\t\t\t\t\t\t\t\t\t\t\t\t<img decoding=\"async\" width=\"600\" height=\"830\" src=\"https:\/\/www.mimemario.com\/wp-content\/uploads\/2021\/10\/mario_diamond.jpg\" class=\"attachment-large size-large wp-image-469\" alt=\"Mario Diamond\" srcset=\"https:\/\/www.mimemario.com\/wp-content\/uploads\/2021\/10\/mario_diamond.jpg 600w, https:\/\/www.mimemario.com\/wp-content\/uploads\/2021\/10\/mario_diamond-217x300.jpg 217w, https:\/\/www.mimemario.com\/wp-content\/uploads\/2021\/10\/mario_diamond-100x138.jpg 100w, https:\/\/www.mimemario.com\/wp-content\/uploads\/2021\/10\/mario_diamond-150x208.jpg 150w, https:\/\/www.mimemario.com\/wp-content\/uploads\/2021\/10\/mario_diamond-200x277.jpg 200w, https:\/\/www.mimemario.com\/wp-content\/uploads\/2021\/10\/mario_diamond-300x415.jpg 300w, https:\/\/www.mimemario.com\/wp-content\/uploads\/2021\/10\/mario_diamond-450x623.jpg 450w\" sizes=\"(max-width: 600px) 100vw, 600px\" \/>\t\t\t\t\t\t\t\t\t\t\t\t\t\t\t<\/div>\n\t\t\t\t<\/div>\n\t\t\t\t\t<\/div>\n\t\t<\/div>\n\t\t\t\t\t<\/div>\n\t\t<\/section>\n\t\t\t\t<\/div>\n\t\t","protected":false},"excerpt":{"rendered":"<p>Welcome to MimeMario.com MARIO DIAMOND, Mime and circus artist from Montr\u00e9al, author of the book of mime Body Talk. Mario travels the world since 1976, performing in corporate shows, circus and schools. Founder of the online school of mime Body Talk and mime teacher in different circus schools, in Canada and United States, he is [&hellip;]<\/p>\n","protected":false},"author":1,"featured_media":0,"parent":0,"menu_order":0,"comment_status":"closed","ping_status":"open","template":"","meta":{"_monsterinsights_skip_tracking":false,"_monsterinsights_sitenote_active":false,"_monsterinsights_sitenote_note":"","_monsterinsights_sitenote_category":0,"footnotes":""},"class_list":["post-175","page","type-page","status-publish","hentry"],"yoast_head":"<!-- This site is optimized with the Yoast SEO plugin v27.4 - https:\/\/yoast.com\/product\/yoast-seo-wordpress\/ -->\n<title>Mime Mario | Mario Diamond, mime and clown from Montreal<\/title>\n<meta name=\"description\" content=\"Mario Diamond, mime and clown from Montreal, performs in different characters such as Yoyo, the Robot, Victor 21 or Charlie Chaplin.\" \/>\n<meta name=\"robots\" content=\"index, follow, max-snippet:-1, max-image-preview:large, max-video-preview:-1\" \/>\n<link rel=\"canonical\" href=\"https:\/\/www.mimemario.com\/en\/\" \/>\n<meta property=\"og:locale\" content=\"en_US\" \/>\n<meta property=\"og:type\" content=\"article\" \/>\n<meta property=\"og:title\" content=\"Mime Mario | Mario Diamond, mime and clown from Montreal\" \/>\n<meta property=\"og:description\" content=\"Mario Diamond, mime and clown from Montreal, performs in different characters such as Yoyo, the Robot, Victor 21 or Charlie Chaplin.\" \/>\n<meta property=\"og:url\" content=\"https:\/\/www.mimemario.com\/en\/\" \/>\n<meta property=\"og:site_name\" content=\"Mime Mario\" \/>\n<meta property=\"article:publisher\" content=\"https:\/\/www.facebook.com\/mario.diamond.5\" \/>\n<meta property=\"article:modified_time\" content=\"2025-05-09T13:24:36+00:00\" \/>\n<meta property=\"og:image\" content=\"https:\/\/www.mimemario.com\/wp-content\/uploads\/2021\/10\/mime-book.jpg\" \/>\n\t<meta property=\"og:image:width\" content=\"217\" \/>\n\t<meta property=\"og:image:height\" content=\"325\" \/>\n\t<meta property=\"og:image:type\" content=\"image\/jpeg\" \/>\n<meta name=\"twitter:card\" content=\"summary_large_image\" \/>\n<script type=\"application\/ld+json\" class=\"yoast-schema-graph\">{\"@context\":\"https:\\\/\\\/schema.org\",\"@graph\":[{\"@type\":\"WebPage\",\"@id\":\"https:\\\/\\\/www.mimemario.com\\\/en\\\/\",\"url\":\"https:\\\/\\\/www.mimemario.com\\\/en\\\/\",\"name\":\"Mime Mario | Mario Diamond, mime and clown from Montreal\",\"isPartOf\":{\"@id\":\"https:\\\/\\\/www.mimemario.com\\\/#website\"},\"primaryImageOfPage\":{\"@id\":\"https:\\\/\\\/www.mimemario.com\\\/en\\\/#primaryimage\"},\"image\":{\"@id\":\"https:\\\/\\\/www.mimemario.com\\\/en\\\/#primaryimage\"},\"thumbnailUrl\":\"https:\\\/\\\/www.mimemario.com\\\/wp-content\\\/uploads\\\/2021\\\/10\\\/mime-book.jpg\",\"datePublished\":\"2014-03-04T21:52:38+00:00\",\"dateModified\":\"2025-05-09T13:24:36+00:00\",\"description\":\"Mario Diamond, mime and clown from Montreal, performs in different characters such as Yoyo, the Robot, Victor 21 or Charlie Chaplin.\",\"breadcrumb\":{\"@id\":\"https:\\\/\\\/www.mimemario.com\\\/en\\\/#breadcrumb\"},\"inLanguage\":\"en-US\",\"potentialAction\":[{\"@type\":\"ReadAction\",\"target\":[\"https:\\\/\\\/www.mimemario.com\\\/en\\\/\"]}]},{\"@type\":\"ImageObject\",\"inLanguage\":\"en-US\",\"@id\":\"https:\\\/\\\/www.mimemario.com\\\/en\\\/#primaryimage\",\"url\":\"https:\\\/\\\/www.mimemario.com\\\/wp-content\\\/uploads\\\/2021\\\/10\\\/mime-book.jpg\",\"contentUrl\":\"https:\\\/\\\/www.mimemario.com\\\/wp-content\\\/uploads\\\/2021\\\/10\\\/mime-book.jpg\"},{\"@type\":\"BreadcrumbList\",\"@id\":\"https:\\\/\\\/www.mimemario.com\\\/en\\\/#breadcrumb\",\"itemListElement\":[{\"@type\":\"ListItem\",\"position\":1,\"name\":\"Accueil\",\"item\":\"https:\\\/\\\/www.mimemario.com\\\/en\\\/\"},{\"@type\":\"ListItem\",\"position\":2,\"name\":\"Welcome to MimeMario.com\"}]},{\"@type\":\"WebSite\",\"@id\":\"https:\\\/\\\/www.mimemario.com\\\/#website\",\"url\":\"https:\\\/\\\/www.mimemario.com\\\/\",\"name\":\"Mime Mario\",\"description\":\"Mime, Circus artist and street performer.\",\"publisher\":{\"@id\":\"https:\\\/\\\/www.mimemario.com\\\/#\\\/schema\\\/person\\\/37d82a91b8faadcf8863ff117ac2ce22\"},\"potentialAction\":[{\"@type\":\"SearchAction\",\"target\":{\"@type\":\"EntryPoint\",\"urlTemplate\":\"https:\\\/\\\/www.mimemario.com\\\/?s={search_term_string}\"},\"query-input\":{\"@type\":\"PropertyValueSpecification\",\"valueRequired\":true,\"valueName\":\"search_term_string\"}}],\"inLanguage\":\"en-US\"},{\"@type\":[\"Person\",\"Organization\"],\"@id\":\"https:\\\/\\\/www.mimemario.com\\\/#\\\/schema\\\/person\\\/37d82a91b8faadcf8863ff117ac2ce22\",\"name\":\"Mario Diamond\",\"image\":{\"@type\":\"ImageObject\",\"inLanguage\":\"en-US\",\"@id\":\"https:\\\/\\\/www.mimemario.com\\\/wp-content\\\/uploads\\\/2023\\\/04\\\/logo-mimemario.jpg\",\"url\":\"https:\\\/\\\/www.mimemario.com\\\/wp-content\\\/uploads\\\/2023\\\/04\\\/logo-mimemario.jpg\",\"contentUrl\":\"https:\\\/\\\/www.mimemario.com\\\/wp-content\\\/uploads\\\/2023\\\/04\\\/logo-mimemario.jpg\",\"width\":130,\"height\":92,\"caption\":\"Mario Diamond\"},\"logo\":{\"@id\":\"https:\\\/\\\/www.mimemario.com\\\/wp-content\\\/uploads\\\/2023\\\/04\\\/logo-mimemario.jpg\"},\"description\":\"Mario Diamond N\u00e9 en 1958, \u00e0 Louiseville, Qu\u00e9bec, Canada, il d\u00e9couvre le mime lors de ses \u00e9tudes en litt\u00e9rature au Cegep. En 1976, Mario donne son premier spectacle. \u00c0 ce jour, le mime a donn\u00e9 plus de 9000 repr\u00e9sentations en Europe, en Asie, en Am\u00e9rique du nord et du sud, a jou\u00e9 \u00e0 la t\u00e9l\u00e9vision et au cin\u00e9ma. Avec son langage international, il s\u2019adresse \u00e0 un auditoire vari\u00e9, de l\u2019enfant \u00e0 l\u2019adulte d\u2019\u00e2ge m\u00fbr et partout sur la plan\u00e8te.\",\"sameAs\":[\"http:\\\/\\\/mimemario.com\",\"https:\\\/\\\/www.facebook.com\\\/mario.diamond.5\",\"https:\\\/\\\/www.youtube.com\\\/@mariodiamond2450\"]}]}<\/script>\n<!-- \/ Yoast SEO plugin. -->","yoast_head_json":{"title":"Mime Mario | Mario Diamond, mime and clown from Montreal","description":"Mario Diamond, mime and clown from Montreal, performs in different characters such as Yoyo, the Robot, Victor 21 or Charlie Chaplin.","robots":{"index":"index","follow":"follow","max-snippet":"max-snippet:-1","max-image-preview":"max-image-preview:large","max-video-preview":"max-video-preview:-1"},"canonical":"https:\/\/www.mimemario.com\/en\/","og_locale":"en_US","og_type":"article","og_title":"Mime Mario | Mario Diamond, mime and clown from Montreal","og_description":"Mario Diamond, mime and clown from Montreal, performs in different characters such as Yoyo, the Robot, Victor 21 or Charlie Chaplin.","og_url":"https:\/\/www.mimemario.com\/en\/","og_site_name":"Mime Mario","article_publisher":"https:\/\/www.facebook.com\/mario.diamond.5","article_modified_time":"2025-05-09T13:24:36+00:00","og_image":[{"width":217,"height":325,"url":"https:\/\/www.mimemario.com\/wp-content\/uploads\/2021\/10\/mime-book.jpg","type":"image\/jpeg"}],"twitter_card":"summary_large_image","schema":{"@context":"https:\/\/schema.org","@graph":[{"@type":"WebPage","@id":"https:\/\/www.mimemario.com\/en\/","url":"https:\/\/www.mimemario.com\/en\/","name":"Mime Mario | Mario Diamond, mime and clown from Montreal","isPartOf":{"@id":"https:\/\/www.mimemario.com\/#website"},"primaryImageOfPage":{"@id":"https:\/\/www.mimemario.com\/en\/#primaryimage"},"image":{"@id":"https:\/\/www.mimemario.com\/en\/#primaryimage"},"thumbnailUrl":"https:\/\/www.mimemario.com\/wp-content\/uploads\/2021\/10\/mime-book.jpg","datePublished":"2014-03-04T21:52:38+00:00","dateModified":"2025-05-09T13:24:36+00:00","description":"Mario Diamond, mime and clown from Montreal, performs in different characters such as Yoyo, the Robot, Victor 21 or Charlie Chaplin.","breadcrumb":{"@id":"https:\/\/www.mimemario.com\/en\/#breadcrumb"},"inLanguage":"en-US","potentialAction":[{"@type":"ReadAction","target":["https:\/\/www.mimemario.com\/en\/"]}]},{"@type":"ImageObject","inLanguage":"en-US","@id":"https:\/\/www.mimemario.com\/en\/#primaryimage","url":"https:\/\/www.mimemario.com\/wp-content\/uploads\/2021\/10\/mime-book.jpg","contentUrl":"https:\/\/www.mimemario.com\/wp-content\/uploads\/2021\/10\/mime-book.jpg"},{"@type":"BreadcrumbList","@id":"https:\/\/www.mimemario.com\/en\/#breadcrumb","itemListElement":[{"@type":"ListItem","position":1,"name":"Accueil","item":"https:\/\/www.mimemario.com\/en\/"},{"@type":"ListItem","position":2,"name":"Welcome to MimeMario.com"}]},{"@type":"WebSite","@id":"https:\/\/www.mimemario.com\/#website","url":"https:\/\/www.mimemario.com\/","name":"Mime Mario","description":"Mime, Circus artist and street performer.","publisher":{"@id":"https:\/\/www.mimemario.com\/#\/schema\/person\/37d82a91b8faadcf8863ff117ac2ce22"},"potentialAction":[{"@type":"SearchAction","target":{"@type":"EntryPoint","urlTemplate":"https:\/\/www.mimemario.com\/?s={search_term_string}"},"query-input":{"@type":"PropertyValueSpecification","valueRequired":true,"valueName":"search_term_string"}}],"inLanguage":"en-US"},{"@type":["Person","Organization"],"@id":"https:\/\/www.mimemario.com\/#\/schema\/person\/37d82a91b8faadcf8863ff117ac2ce22","name":"Mario Diamond","image":{"@type":"ImageObject","inLanguage":"en-US","@id":"https:\/\/www.mimemario.com\/wp-content\/uploads\/2023\/04\/logo-mimemario.jpg","url":"https:\/\/www.mimemario.com\/wp-content\/uploads\/2023\/04\/logo-mimemario.jpg","contentUrl":"https:\/\/www.mimemario.com\/wp-content\/uploads\/2023\/04\/logo-mimemario.jpg","width":130,"height":92,"caption":"Mario Diamond"},"logo":{"@id":"https:\/\/www.mimemario.com\/wp-content\/uploads\/2023\/04\/logo-mimemario.jpg"},"description":"Mario Diamond N\u00e9 en 1958, \u00e0 Louiseville, Qu\u00e9bec, Canada, il d\u00e9couvre le mime lors de ses \u00e9tudes en litt\u00e9rature au Cegep. En 1976, Mario donne son premier spectacle. \u00c0 ce jour, le mime a donn\u00e9 plus de 9000 repr\u00e9sentations en Europe, en Asie, en Am\u00e9rique du nord et du sud, a jou\u00e9 \u00e0 la t\u00e9l\u00e9vision et au cin\u00e9ma. Avec son langage international, il s\u2019adresse \u00e0 un auditoire vari\u00e9, de l\u2019enfant \u00e0 l\u2019adulte d\u2019\u00e2ge m\u00fbr et partout sur la plan\u00e8te.","sameAs":["http:\/\/mimemario.com","https:\/\/www.facebook.com\/mario.diamond.5","https:\/\/www.youtube.com\/@mariodiamond2450"]}]}},"_links":{"self":[{"href":"https:\/\/www.mimemario.com\/en\/wp-json\/wp\/v2\/pages\/175","targetHints":{"allow":["GET"]}}],"collection":[{"href":"https:\/\/www.mimemario.com\/en\/wp-json\/wp\/v2\/pages"}],"about":[{"href":"https:\/\/www.mimemario.com\/en\/wp-json\/wp\/v2\/types\/page"}],"author":[{"embeddable":true,"href":"https:\/\/www.mimemario.com\/en\/wp-json\/wp\/v2\/users\/1"}],"replies":[{"embeddable":true,"href":"https:\/\/www.mimemario.com\/en\/wp-json\/wp\/v2\/comments?post=175"}],"version-history":[{"count":36,"href":"https:\/\/www.mimemario.com\/en\/wp-json\/wp\/v2\/pages\/175\/revisions"}],"predecessor-version":[{"id":1624,"href":"https:\/\/www.mimemario.com\/en\/wp-json\/wp\/v2\/pages\/175\/revisions\/1624"}],"wp:attachment":[{"href":"https:\/\/www.mimemario.com\/en\/wp-json\/wp\/v2\/media?parent=175"}],"curies":[{"name":"wp","href":"https:\/\/api.w.org\/{rel}","templated":true}]}}