{"id":188,"date":"2014-03-04T16:58:58","date_gmt":"2014-03-04T21:58:58","guid":{"rendered":"http:\/\/www.mimemario.com\/?page_id=188"},"modified":"2025-03-03T10:06:33","modified_gmt":"2025-03-03T15:06:33","slug":"yoyo","status":"publish","type":"page","link":"https:\/\/www.mimemario.com\/en\/yoyo\/","title":{"rendered":"Yoyo"},"content":{"rendered":"\t\t<div data-elementor-type=\"wp-page\" data-elementor-id=\"188\" class=\"elementor elementor-188 elementor-54\" data-elementor-post-type=\"page\">\n\t\t\t\t\t\t<section class=\"elementor-section elementor-top-section elementor-element elementor-element-4bdceb01 elementor-section-boxed elementor-section-height-default elementor-section-height-default\" data-id=\"4bdceb01\" data-element_type=\"section\" data-e-type=\"section\">\n\t\t\t\t\t\t<div class=\"elementor-container elementor-column-gap-default\">\n\t\t\t\t\t<div class=\"elementor-column elementor-col-100 elementor-top-column elementor-element elementor-element-3f24d762\" data-id=\"3f24d762\" data-element_type=\"column\" data-e-type=\"column\">\n\t\t\t<div class=\"elementor-widget-wrap elementor-element-populated\">\n\t\t\t\t\t\t<div class=\"elementor-element elementor-element-6137d918 elementor-widget elementor-widget-heading\" data-id=\"6137d918\" data-element_type=\"widget\" data-e-type=\"widget\" data-widget_type=\"heading.default\">\n\t\t\t\t<div class=\"elementor-widget-container\">\n\t\t\t\t\t<h2 class=\"elementor-heading-title elementor-size-default\">Yoyo<\/h2>\t\t\t\t<\/div>\n\t\t\t\t<\/div>\n\t\t\t\t\t<\/div>\n\t\t<\/div>\n\t\t\t\t\t<\/div>\n\t\t<\/section>\n\t\t\t\t<section class=\"elementor-section elementor-top-section elementor-element elementor-element-6dd7543c elementor-section-boxed elementor-section-height-default elementor-section-height-default\" data-id=\"6dd7543c\" data-element_type=\"section\" data-e-type=\"section\">\n\t\t\t\t\t\t<div class=\"elementor-container elementor-column-gap-default\">\n\t\t\t\t\t<div class=\"elementor-column elementor-col-50 elementor-top-column elementor-element elementor-element-2ed1e6ed\" data-id=\"2ed1e6ed\" data-element_type=\"column\" data-e-type=\"column\">\n\t\t\t<div class=\"elementor-widget-wrap elementor-element-populated\">\n\t\t\t\t\t\t<div class=\"elementor-element elementor-element-38d695f2 elementor-widget elementor-widget-image\" data-id=\"38d695f2\" data-element_type=\"widget\" data-e-type=\"widget\" data-widget_type=\"image.default\">\n\t\t\t\t<div class=\"elementor-widget-container\">\n\t\t\t\t\t\t\t\t\t\t\t\t\t\t\t<img fetchpriority=\"high\" decoding=\"async\" width=\"600\" height=\"875\" src=\"https:\/\/www.mimemario.com\/wp-content\/uploads\/2014\/02\/Mario_Diamond_yoyo.jpg\" class=\"attachment-large size-large wp-image-84\" alt=\"Photo de Mario Diamond en personnage de Yoyo\" srcset=\"https:\/\/www.mimemario.com\/wp-content\/uploads\/2014\/02\/Mario_Diamond_yoyo.jpg 600w, https:\/\/www.mimemario.com\/wp-content\/uploads\/2014\/02\/Mario_Diamond_yoyo-205x300.jpg 205w, https:\/\/www.mimemario.com\/wp-content\/uploads\/2014\/02\/Mario_Diamond_yoyo-100x145.jpg 100w, https:\/\/www.mimemario.com\/wp-content\/uploads\/2014\/02\/Mario_Diamond_yoyo-150x218.jpg 150w, https:\/\/www.mimemario.com\/wp-content\/uploads\/2014\/02\/Mario_Diamond_yoyo-200x291.jpg 200w, https:\/\/www.mimemario.com\/wp-content\/uploads\/2014\/02\/Mario_Diamond_yoyo-300x437.jpg 300w, https:\/\/www.mimemario.com\/wp-content\/uploads\/2014\/02\/Mario_Diamond_yoyo-450x656.jpg 450w\" sizes=\"(max-width: 600px) 100vw, 600px\" \/>\t\t\t\t\t\t\t\t\t\t\t\t\t\t\t<\/div>\n\t\t\t\t<\/div>\n\t\t\t\t\t<\/div>\n\t\t<\/div>\n\t\t\t\t<div class=\"elementor-column elementor-col-50 elementor-top-column elementor-element elementor-element-7b491a5e\" data-id=\"7b491a5e\" data-element_type=\"column\" data-e-type=\"column\">\n\t\t\t<div class=\"elementor-widget-wrap elementor-element-populated\">\n\t\t\t\t\t\t<div class=\"elementor-element elementor-element-5de17e72 elementor-widget elementor-widget-text-editor\" data-id=\"5de17e72\" data-element_type=\"widget\" data-e-type=\"widget\" data-widget_type=\"text-editor.default\">\n\t\t\t\t<div class=\"elementor-widget-container\">\n\t\t\t\t\t\t\t\t\t<p>The character<\/p>\t\t\t\t\t\t\t\t<\/div>\n\t\t\t\t<\/div>\n\t\t\t\t<div class=\"elementor-element elementor-element-4f0df9d8 elementor-widget elementor-widget-text-editor\" data-id=\"4f0df9d8\" data-element_type=\"widget\" data-e-type=\"widget\" data-widget_type=\"text-editor.default\">\n\t\t\t\t<div class=\"elementor-widget-container\">\n\t\t\t\t\t\t\t\t\t<p>Yoyo, the character, is a lonely child with lots of imagination. He creates his own world with anything he can find. He becomes movie director, audience leader. In circus, he is the link between acts and has solos as well.<\/p>\n<p>Available for stage, Mario\u2019s \u00a8<a href=\"https:\/\/www.mimemario.com\/en\/show\/\">One mime show<\/a>\u00a8 goes from 45 to 90 minutes and reaches kids to matured audience. Individual acts, such as \u00a8<a href=\"https:\/\/www.mimemario.com\/en\/videos\/\">The silent cinema<\/a>\u00a8, \u00a8<a href=\"https:\/\/www.mimemario.com\/en\/videos\/\">The suitcase<\/a>\u00a8 or \u201c<a href=\"https:\/\/www.mimemario.com\/en\/videos\/\">Darwin\u2019s evolution<\/a>\u00a8, are also available for corporate events.<\/p>\t\t\t\t\t\t\t\t<\/div>\n\t\t\t\t<\/div>\n\t\t\t\t<div class=\"elementor-element elementor-element-ceba49f elementor-widget elementor-widget-image\" data-id=\"ceba49f\" data-element_type=\"widget\" data-e-type=\"widget\" data-widget_type=\"image.default\">\n\t\t\t\t<div class=\"elementor-widget-container\">\n\t\t\t\t\t\t\t\t\t\t\t\t\t\t\t<img decoding=\"async\" width=\"130\" height=\"92\" src=\"https:\/\/www.mimemario.com\/wp-content\/uploads\/2014\/02\/icon-theatre.jpg\" class=\"attachment-large size-large wp-image-91\" alt=\"Logo de masque de th\u00e9atre\" srcset=\"https:\/\/www.mimemario.com\/wp-content\/uploads\/2014\/02\/icon-theatre.jpg 130w, https:\/\/www.mimemario.com\/wp-content\/uploads\/2014\/02\/icon-theatre-100x70.jpg 100w\" sizes=\"(max-width: 130px) 100vw, 130px\" \/>\t\t\t\t\t\t\t\t\t\t\t\t\t\t\t<\/div>\n\t\t\t\t<\/div>\n\t\t\t\t\t<\/div>\n\t\t<\/div>\n\t\t\t\t\t<\/div>\n\t\t<\/section>\n\t\t\t\t<\/div>\n\t\t","protected":false},"excerpt":{"rendered":"<p>Yoyo The character Yoyo, the character, is a lonely child with lots of imagination. He creates his own world with anything he can find. He becomes movie director, audience leader. In circus, he is the link between acts and has solos as well. Available for stage, Mario\u2019s \u00a8One mime show\u00a8 goes from 45 to 90 [&hellip;]<\/p>\n","protected":false},"author":1,"featured_media":0,"parent":0,"menu_order":0,"comment_status":"closed","ping_status":"open","template":"","meta":{"_monsterinsights_skip_tracking":false,"_monsterinsights_sitenote_active":false,"_monsterinsights_sitenote_note":"","_monsterinsights_sitenote_category":0,"footnotes":""},"class_list":["post-188","page","type-page","status-publish","hentry"],"yoast_head":"<!-- This site is optimized with the Yoast SEO plugin v27.4 - https:\/\/yoast.com\/product\/yoast-seo-wordpress\/ -->\n<title>Mime Mario | Yoyo character by Mario Diamond<\/title>\n<meta name=\"description\" content=\"Discover the character of Yoyo, who links all the circus acts together. With his &quot;one mime show&quot; for all ages, he will make you laugh!\" \/>\n<meta name=\"robots\" content=\"index, follow, max-snippet:-1, max-image-preview:large, max-video-preview:-1\" \/>\n<link rel=\"canonical\" href=\"https:\/\/www.mimemario.com\/en\/yoyo\/\" \/>\n<meta property=\"og:locale\" content=\"en_US\" \/>\n<meta property=\"og:type\" content=\"article\" \/>\n<meta property=\"og:title\" content=\"Mime Mario | Yoyo character by Mario Diamond\" \/>\n<meta property=\"og:description\" content=\"Discover the character of Yoyo, who links all the circus acts together. With his &quot;one mime show&quot; for all ages, he will make you laugh!\" \/>\n<meta property=\"og:url\" content=\"https:\/\/www.mimemario.com\/en\/yoyo\/\" \/>\n<meta property=\"og:site_name\" content=\"Mime Mario\" \/>\n<meta property=\"article:publisher\" content=\"https:\/\/www.facebook.com\/mario.diamond.5\" \/>\n<meta property=\"article:modified_time\" content=\"2025-03-03T15:06:33+00:00\" \/>\n<meta property=\"og:image\" content=\"https:\/\/www.mimemario.com\/wp-content\/uploads\/2014\/02\/Mario_Diamond_yoyo.jpg\" \/>\n\t<meta property=\"og:image:width\" content=\"600\" \/>\n\t<meta property=\"og:image:height\" content=\"875\" \/>\n\t<meta property=\"og:image:type\" content=\"image\/jpeg\" \/>\n<meta name=\"twitter:card\" content=\"summary_large_image\" \/>\n<script type=\"application\/ld+json\" class=\"yoast-schema-graph\">{\"@context\":\"https:\\\/\\\/schema.org\",\"@graph\":[{\"@type\":\"WebPage\",\"@id\":\"https:\\\/\\\/www.mimemario.com\\\/en\\\/yoyo\\\/\",\"url\":\"https:\\\/\\\/www.mimemario.com\\\/en\\\/yoyo\\\/\",\"name\":\"Mime Mario | Yoyo character by Mario Diamond\",\"isPartOf\":{\"@id\":\"https:\\\/\\\/www.mimemario.com\\\/#website\"},\"primaryImageOfPage\":{\"@id\":\"https:\\\/\\\/www.mimemario.com\\\/en\\\/yoyo\\\/#primaryimage\"},\"image\":{\"@id\":\"https:\\\/\\\/www.mimemario.com\\\/en\\\/yoyo\\\/#primaryimage\"},\"thumbnailUrl\":\"https:\\\/\\\/www.mimemario.com\\\/wp-content\\\/uploads\\\/2014\\\/02\\\/Mario_Diamond_yoyo.jpg\",\"datePublished\":\"2014-03-04T21:58:58+00:00\",\"dateModified\":\"2025-03-03T15:06:33+00:00\",\"description\":\"Discover the character of Yoyo, who links all the circus acts together. With his \\\"one mime show\\\" for all ages, he will make you laugh!\",\"breadcrumb\":{\"@id\":\"https:\\\/\\\/www.mimemario.com\\\/en\\\/yoyo\\\/#breadcrumb\"},\"inLanguage\":\"en-US\",\"potentialAction\":[{\"@type\":\"ReadAction\",\"target\":[\"https:\\\/\\\/www.mimemario.com\\\/en\\\/yoyo\\\/\"]}]},{\"@type\":\"ImageObject\",\"inLanguage\":\"en-US\",\"@id\":\"https:\\\/\\\/www.mimemario.com\\\/en\\\/yoyo\\\/#primaryimage\",\"url\":\"https:\\\/\\\/www.mimemario.com\\\/wp-content\\\/uploads\\\/2014\\\/02\\\/Mario_Diamond_yoyo.jpg\",\"contentUrl\":\"https:\\\/\\\/www.mimemario.com\\\/wp-content\\\/uploads\\\/2014\\\/02\\\/Mario_Diamond_yoyo.jpg\"},{\"@type\":\"BreadcrumbList\",\"@id\":\"https:\\\/\\\/www.mimemario.com\\\/en\\\/yoyo\\\/#breadcrumb\",\"itemListElement\":[{\"@type\":\"ListItem\",\"position\":1,\"name\":\"Accueil\",\"item\":\"https:\\\/\\\/www.mimemario.com\\\/en\\\/\"},{\"@type\":\"ListItem\",\"position\":2,\"name\":\"Yoyo\"}]},{\"@type\":\"WebSite\",\"@id\":\"https:\\\/\\\/www.mimemario.com\\\/#website\",\"url\":\"https:\\\/\\\/www.mimemario.com\\\/\",\"name\":\"Mime Mario\",\"description\":\"Mime, Circus artist and street performer.\",\"publisher\":{\"@id\":\"https:\\\/\\\/www.mimemario.com\\\/#\\\/schema\\\/person\\\/37d82a91b8faadcf8863ff117ac2ce22\"},\"potentialAction\":[{\"@type\":\"SearchAction\",\"target\":{\"@type\":\"EntryPoint\",\"urlTemplate\":\"https:\\\/\\\/www.mimemario.com\\\/?s={search_term_string}\"},\"query-input\":{\"@type\":\"PropertyValueSpecification\",\"valueRequired\":true,\"valueName\":\"search_term_string\"}}],\"inLanguage\":\"en-US\"},{\"@type\":[\"Person\",\"Organization\"],\"@id\":\"https:\\\/\\\/www.mimemario.com\\\/#\\\/schema\\\/person\\\/37d82a91b8faadcf8863ff117ac2ce22\",\"name\":\"Mario Diamond\",\"image\":{\"@type\":\"ImageObject\",\"inLanguage\":\"en-US\",\"@id\":\"https:\\\/\\\/www.mimemario.com\\\/wp-content\\\/uploads\\\/2023\\\/04\\\/logo-mimemario.jpg\",\"url\":\"https:\\\/\\\/www.mimemario.com\\\/wp-content\\\/uploads\\\/2023\\\/04\\\/logo-mimemario.jpg\",\"contentUrl\":\"https:\\\/\\\/www.mimemario.com\\\/wp-content\\\/uploads\\\/2023\\\/04\\\/logo-mimemario.jpg\",\"width\":130,\"height\":92,\"caption\":\"Mario Diamond\"},\"logo\":{\"@id\":\"https:\\\/\\\/www.mimemario.com\\\/wp-content\\\/uploads\\\/2023\\\/04\\\/logo-mimemario.jpg\"},\"description\":\"Mario Diamond N\u00e9 en 1958, \u00e0 Louiseville, Qu\u00e9bec, Canada, il d\u00e9couvre le mime lors de ses \u00e9tudes en litt\u00e9rature au Cegep. En 1976, Mario donne son premier spectacle. \u00c0 ce jour, le mime a donn\u00e9 plus de 9000 repr\u00e9sentations en Europe, en Asie, en Am\u00e9rique du nord et du sud, a jou\u00e9 \u00e0 la t\u00e9l\u00e9vision et au cin\u00e9ma. Avec son langage international, il s\u2019adresse \u00e0 un auditoire vari\u00e9, de l\u2019enfant \u00e0 l\u2019adulte d\u2019\u00e2ge m\u00fbr et partout sur la plan\u00e8te.\",\"sameAs\":[\"http:\\\/\\\/mimemario.com\",\"https:\\\/\\\/www.facebook.com\\\/mario.diamond.5\",\"https:\\\/\\\/www.youtube.com\\\/@mariodiamond2450\"]}]}<\/script>\n<!-- \/ Yoast SEO plugin. -->","yoast_head_json":{"title":"Mime Mario | Yoyo character by Mario Diamond","description":"Discover the character of Yoyo, who links all the circus acts together. With his \"one mime show\" for all ages, he will make you laugh!","robots":{"index":"index","follow":"follow","max-snippet":"max-snippet:-1","max-image-preview":"max-image-preview:large","max-video-preview":"max-video-preview:-1"},"canonical":"https:\/\/www.mimemario.com\/en\/yoyo\/","og_locale":"en_US","og_type":"article","og_title":"Mime Mario | Yoyo character by Mario Diamond","og_description":"Discover the character of Yoyo, who links all the circus acts together. With his \"one mime show\" for all ages, he will make you laugh!","og_url":"https:\/\/www.mimemario.com\/en\/yoyo\/","og_site_name":"Mime Mario","article_publisher":"https:\/\/www.facebook.com\/mario.diamond.5","article_modified_time":"2025-03-03T15:06:33+00:00","og_image":[{"width":600,"height":875,"url":"https:\/\/www.mimemario.com\/wp-content\/uploads\/2014\/02\/Mario_Diamond_yoyo.jpg","type":"image\/jpeg"}],"twitter_card":"summary_large_image","schema":{"@context":"https:\/\/schema.org","@graph":[{"@type":"WebPage","@id":"https:\/\/www.mimemario.com\/en\/yoyo\/","url":"https:\/\/www.mimemario.com\/en\/yoyo\/","name":"Mime Mario | Yoyo character by Mario Diamond","isPartOf":{"@id":"https:\/\/www.mimemario.com\/#website"},"primaryImageOfPage":{"@id":"https:\/\/www.mimemario.com\/en\/yoyo\/#primaryimage"},"image":{"@id":"https:\/\/www.mimemario.com\/en\/yoyo\/#primaryimage"},"thumbnailUrl":"https:\/\/www.mimemario.com\/wp-content\/uploads\/2014\/02\/Mario_Diamond_yoyo.jpg","datePublished":"2014-03-04T21:58:58+00:00","dateModified":"2025-03-03T15:06:33+00:00","description":"Discover the character of Yoyo, who links all the circus acts together. With his \"one mime show\" for all ages, he will make you laugh!","breadcrumb":{"@id":"https:\/\/www.mimemario.com\/en\/yoyo\/#breadcrumb"},"inLanguage":"en-US","potentialAction":[{"@type":"ReadAction","target":["https:\/\/www.mimemario.com\/en\/yoyo\/"]}]},{"@type":"ImageObject","inLanguage":"en-US","@id":"https:\/\/www.mimemario.com\/en\/yoyo\/#primaryimage","url":"https:\/\/www.mimemario.com\/wp-content\/uploads\/2014\/02\/Mario_Diamond_yoyo.jpg","contentUrl":"https:\/\/www.mimemario.com\/wp-content\/uploads\/2014\/02\/Mario_Diamond_yoyo.jpg"},{"@type":"BreadcrumbList","@id":"https:\/\/www.mimemario.com\/en\/yoyo\/#breadcrumb","itemListElement":[{"@type":"ListItem","position":1,"name":"Accueil","item":"https:\/\/www.mimemario.com\/en\/"},{"@type":"ListItem","position":2,"name":"Yoyo"}]},{"@type":"WebSite","@id":"https:\/\/www.mimemario.com\/#website","url":"https:\/\/www.mimemario.com\/","name":"Mime Mario","description":"Mime, Circus artist and street performer.","publisher":{"@id":"https:\/\/www.mimemario.com\/#\/schema\/person\/37d82a91b8faadcf8863ff117ac2ce22"},"potentialAction":[{"@type":"SearchAction","target":{"@type":"EntryPoint","urlTemplate":"https:\/\/www.mimemario.com\/?s={search_term_string}"},"query-input":{"@type":"PropertyValueSpecification","valueRequired":true,"valueName":"search_term_string"}}],"inLanguage":"en-US"},{"@type":["Person","Organization"],"@id":"https:\/\/www.mimemario.com\/#\/schema\/person\/37d82a91b8faadcf8863ff117ac2ce22","name":"Mario Diamond","image":{"@type":"ImageObject","inLanguage":"en-US","@id":"https:\/\/www.mimemario.com\/wp-content\/uploads\/2023\/04\/logo-mimemario.jpg","url":"https:\/\/www.mimemario.com\/wp-content\/uploads\/2023\/04\/logo-mimemario.jpg","contentUrl":"https:\/\/www.mimemario.com\/wp-content\/uploads\/2023\/04\/logo-mimemario.jpg","width":130,"height":92,"caption":"Mario Diamond"},"logo":{"@id":"https:\/\/www.mimemario.com\/wp-content\/uploads\/2023\/04\/logo-mimemario.jpg"},"description":"Mario Diamond N\u00e9 en 1958, \u00e0 Louiseville, Qu\u00e9bec, Canada, il d\u00e9couvre le mime lors de ses \u00e9tudes en litt\u00e9rature au Cegep. En 1976, Mario donne son premier spectacle. \u00c0 ce jour, le mime a donn\u00e9 plus de 9000 repr\u00e9sentations en Europe, en Asie, en Am\u00e9rique du nord et du sud, a jou\u00e9 \u00e0 la t\u00e9l\u00e9vision et au cin\u00e9ma. Avec son langage international, il s\u2019adresse \u00e0 un auditoire vari\u00e9, de l\u2019enfant \u00e0 l\u2019adulte d\u2019\u00e2ge m\u00fbr et partout sur la plan\u00e8te.","sameAs":["http:\/\/mimemario.com","https:\/\/www.facebook.com\/mario.diamond.5","https:\/\/www.youtube.com\/@mariodiamond2450"]}]}},"_links":{"self":[{"href":"https:\/\/www.mimemario.com\/en\/wp-json\/wp\/v2\/pages\/188","targetHints":{"allow":["GET"]}}],"collection":[{"href":"https:\/\/www.mimemario.com\/en\/wp-json\/wp\/v2\/pages"}],"about":[{"href":"https:\/\/www.mimemario.com\/en\/wp-json\/wp\/v2\/types\/page"}],"author":[{"embeddable":true,"href":"https:\/\/www.mimemario.com\/en\/wp-json\/wp\/v2\/users\/1"}],"replies":[{"embeddable":true,"href":"https:\/\/www.mimemario.com\/en\/wp-json\/wp\/v2\/comments?post=188"}],"version-history":[{"count":17,"href":"https:\/\/www.mimemario.com\/en\/wp-json\/wp\/v2\/pages\/188\/revisions"}],"predecessor-version":[{"id":1560,"href":"https:\/\/www.mimemario.com\/en\/wp-json\/wp\/v2\/pages\/188\/revisions\/1560"}],"wp:attachment":[{"href":"https:\/\/www.mimemario.com\/en\/wp-json\/wp\/v2\/media?parent=188"}],"curies":[{"name":"wp","href":"https:\/\/api.w.org\/{rel}","templated":true}]}}