{"id":195,"date":"2014-03-04T17:53:38","date_gmt":"2014-03-04T22:53:38","guid":{"rendered":"http:\/\/www.mimemario.com\/?page_id=195"},"modified":"2025-03-03T11:29:41","modified_gmt":"2025-03-03T16:29:41","slug":"characters","status":"publish","type":"page","link":"https:\/\/www.mimemario.com\/en\/characters\/","title":{"rendered":"Characters"},"content":{"rendered":"\t\t<div data-elementor-type=\"wp-page\" data-elementor-id=\"195\" class=\"elementor elementor-195 elementor-12\" data-elementor-post-type=\"page\">\n\t\t\t\t\t\t<section class=\"elementor-section elementor-top-section elementor-element elementor-element-3c889fd3 elementor-section-boxed elementor-section-height-default elementor-section-height-default\" data-id=\"3c889fd3\" data-element_type=\"section\" data-e-type=\"section\">\n\t\t\t\t\t\t<div class=\"elementor-container elementor-column-gap-default\">\n\t\t\t\t\t<div class=\"elementor-column elementor-col-100 elementor-top-column elementor-element elementor-element-3ce0829e\" data-id=\"3ce0829e\" data-element_type=\"column\" data-e-type=\"column\">\n\t\t\t<div class=\"elementor-widget-wrap elementor-element-populated\">\n\t\t\t\t\t\t<div class=\"elementor-element elementor-element-efc458 elementor-widget elementor-widget-heading\" data-id=\"efc458\" data-element_type=\"widget\" data-e-type=\"widget\" data-widget_type=\"heading.default\">\n\t\t\t\t<div class=\"elementor-widget-container\">\n\t\t\t\t\t<h2 class=\"elementor-heading-title elementor-size-default\">Characters<\/h2>\t\t\t\t<\/div>\n\t\t\t\t<\/div>\n\t\t\t\t\t<\/div>\n\t\t<\/div>\n\t\t\t\t\t<\/div>\n\t\t<\/section>\n\t\t\t\t<section class=\"elementor-section elementor-top-section elementor-element elementor-element-69162f29 elementor-section-boxed elementor-section-height-default elementor-section-height-default\" data-id=\"69162f29\" data-element_type=\"section\" data-e-type=\"section\">\n\t\t\t\t\t\t<div class=\"elementor-container elementor-column-gap-default\">\n\t\t\t\t\t<div class=\"elementor-column elementor-col-25 elementor-top-column elementor-element elementor-element-1fef2332\" data-id=\"1fef2332\" data-element_type=\"column\" data-e-type=\"column\">\n\t\t\t<div class=\"elementor-widget-wrap elementor-element-populated\">\n\t\t\t\t\t\t<div class=\"elementor-element elementor-element-1921d757 elementor-widget elementor-widget-heading\" data-id=\"1921d757\" data-element_type=\"widget\" data-e-type=\"widget\" data-widget_type=\"heading.default\">\n\t\t\t\t<div class=\"elementor-widget-container\">\n\t\t\t\t\t<h2 class=\"elementor-heading-title elementor-size-default\"><a href=\"https:\/\/www.mimemario.com\/en\/yoyo\/\">Yoyo<\/a><\/h2>\t\t\t\t<\/div>\n\t\t\t\t<\/div>\n\t\t\t\t<div class=\"elementor-element elementor-element-32172b01 elementor-widget elementor-widget-image\" data-id=\"32172b01\" data-element_type=\"widget\" data-e-type=\"widget\" data-widget_type=\"image.default\">\n\t\t\t\t<div class=\"elementor-widget-container\">\n\t\t\t\t\t\t\t\t\t\t\t\t\t\t\t\t<a href=\"https:\/\/www.mimemario.com\/en\/yoyo\/\">\n\t\t\t\t\t\t\t<img fetchpriority=\"high\" decoding=\"async\" width=\"600\" height=\"875\" src=\"https:\/\/www.mimemario.com\/wp-content\/uploads\/2014\/02\/Mario_Diamond_yoyo.jpg\" class=\"attachment-large size-large wp-image-84\" alt=\"Photo de Mario Diamond en personnage de Yoyo\" srcset=\"https:\/\/www.mimemario.com\/wp-content\/uploads\/2014\/02\/Mario_Diamond_yoyo.jpg 600w, https:\/\/www.mimemario.com\/wp-content\/uploads\/2014\/02\/Mario_Diamond_yoyo-205x300.jpg 205w, https:\/\/www.mimemario.com\/wp-content\/uploads\/2014\/02\/Mario_Diamond_yoyo-100x145.jpg 100w, https:\/\/www.mimemario.com\/wp-content\/uploads\/2014\/02\/Mario_Diamond_yoyo-150x218.jpg 150w, https:\/\/www.mimemario.com\/wp-content\/uploads\/2014\/02\/Mario_Diamond_yoyo-200x291.jpg 200w, https:\/\/www.mimemario.com\/wp-content\/uploads\/2014\/02\/Mario_Diamond_yoyo-300x437.jpg 300w, https:\/\/www.mimemario.com\/wp-content\/uploads\/2014\/02\/Mario_Diamond_yoyo-450x656.jpg 450w\" sizes=\"(max-width: 600px) 100vw, 600px\" \/>\t\t\t\t\t\t\t\t<\/a>\n\t\t\t\t\t\t\t\t\t\t\t\t\t\t\t<\/div>\n\t\t\t\t<\/div>\n\t\t\t\t\t<\/div>\n\t\t<\/div>\n\t\t\t\t<div class=\"elementor-column elementor-col-25 elementor-top-column elementor-element elementor-element-3de2ffaa\" data-id=\"3de2ffaa\" data-element_type=\"column\" data-e-type=\"column\">\n\t\t\t<div class=\"elementor-widget-wrap elementor-element-populated\">\n\t\t\t\t\t\t<div class=\"elementor-element elementor-element-3d3ff119 elementor-widget elementor-widget-heading\" data-id=\"3d3ff119\" data-element_type=\"widget\" data-e-type=\"widget\" data-widget_type=\"heading.default\">\n\t\t\t\t<div class=\"elementor-widget-container\">\n\t\t\t\t\t<h2 class=\"elementor-heading-title elementor-size-default\"><a href=\"https:\/\/www.mimemario.com\/en\/the-robot\/\">Robot<\/a><\/h2>\t\t\t\t<\/div>\n\t\t\t\t<\/div>\n\t\t\t\t<div class=\"elementor-element elementor-element-520702a2 elementor-widget elementor-widget-image\" data-id=\"520702a2\" data-element_type=\"widget\" data-e-type=\"widget\" data-widget_type=\"image.default\">\n\t\t\t\t<div class=\"elementor-widget-container\">\n\t\t\t\t\t\t\t\t\t\t\t\t\t\t\t\t<a href=\"https:\/\/www.mimemario.com\/en\/the-robot\/\">\n\t\t\t\t\t\t\t<img decoding=\"async\" width=\"600\" height=\"875\" src=\"https:\/\/www.mimemario.com\/wp-content\/uploads\/2014\/02\/Mario_Diamond_automate.jpg\" class=\"attachment-large size-large wp-image-85\" alt=\"Photo de Mario Diamond en Mime Automate\" srcset=\"https:\/\/www.mimemario.com\/wp-content\/uploads\/2014\/02\/Mario_Diamond_automate.jpg 600w, https:\/\/www.mimemario.com\/wp-content\/uploads\/2014\/02\/Mario_Diamond_automate-205x300.jpg 205w, https:\/\/www.mimemario.com\/wp-content\/uploads\/2014\/02\/Mario_Diamond_automate-100x145.jpg 100w, https:\/\/www.mimemario.com\/wp-content\/uploads\/2014\/02\/Mario_Diamond_automate-150x218.jpg 150w, https:\/\/www.mimemario.com\/wp-content\/uploads\/2014\/02\/Mario_Diamond_automate-200x291.jpg 200w, https:\/\/www.mimemario.com\/wp-content\/uploads\/2014\/02\/Mario_Diamond_automate-300x437.jpg 300w, https:\/\/www.mimemario.com\/wp-content\/uploads\/2014\/02\/Mario_Diamond_automate-450x656.jpg 450w\" sizes=\"(max-width: 600px) 100vw, 600px\" \/>\t\t\t\t\t\t\t\t<\/a>\n\t\t\t\t\t\t\t\t\t\t\t\t\t\t\t<\/div>\n\t\t\t\t<\/div>\n\t\t\t\t\t<\/div>\n\t\t<\/div>\n\t\t\t\t<div class=\"elementor-column elementor-col-25 elementor-top-column elementor-element elementor-element-563e41f1\" data-id=\"563e41f1\" data-element_type=\"column\" data-e-type=\"column\">\n\t\t\t<div class=\"elementor-widget-wrap elementor-element-populated\">\n\t\t\t\t\t\t<div class=\"elementor-element elementor-element-1087de4b elementor-widget elementor-widget-heading\" data-id=\"1087de4b\" data-element_type=\"widget\" data-e-type=\"widget\" data-widget_type=\"heading.default\">\n\t\t\t\t<div class=\"elementor-widget-container\">\n\t\t\t\t\t<h2 class=\"elementor-heading-title elementor-size-default\"><a href=\"https:\/\/www.mimemario.com\/en\/charlie-chaplin\/\">Chaplin<\/a><\/h2>\t\t\t\t<\/div>\n\t\t\t\t<\/div>\n\t\t\t\t<div class=\"elementor-element elementor-element-18207795 elementor-widget elementor-widget-image\" data-id=\"18207795\" data-element_type=\"widget\" data-e-type=\"widget\" data-widget_type=\"image.default\">\n\t\t\t\t<div class=\"elementor-widget-container\">\n\t\t\t\t\t\t\t\t\t\t\t\t\t\t\t\t<a href=\"https:\/\/www.mimemario.com\/en\/charlie-chaplin\/\">\n\t\t\t\t\t\t\t<img decoding=\"async\" width=\"600\" height=\"875\" src=\"https:\/\/www.mimemario.com\/wp-content\/uploads\/2014\/02\/Mario_Diamond_Chaplin.jpg\" class=\"attachment-large size-large wp-image-86\" alt=\"Photo de Mario Diamond en Charlie Chaplin\" srcset=\"https:\/\/www.mimemario.com\/wp-content\/uploads\/2014\/02\/Mario_Diamond_Chaplin.jpg 600w, https:\/\/www.mimemario.com\/wp-content\/uploads\/2014\/02\/Mario_Diamond_Chaplin-205x300.jpg 205w, https:\/\/www.mimemario.com\/wp-content\/uploads\/2014\/02\/Mario_Diamond_Chaplin-100x145.jpg 100w, https:\/\/www.mimemario.com\/wp-content\/uploads\/2014\/02\/Mario_Diamond_Chaplin-150x218.jpg 150w, https:\/\/www.mimemario.com\/wp-content\/uploads\/2014\/02\/Mario_Diamond_Chaplin-200x291.jpg 200w, https:\/\/www.mimemario.com\/wp-content\/uploads\/2014\/02\/Mario_Diamond_Chaplin-300x437.jpg 300w, https:\/\/www.mimemario.com\/wp-content\/uploads\/2014\/02\/Mario_Diamond_Chaplin-450x656.jpg 450w\" sizes=\"(max-width: 600px) 100vw, 600px\" \/>\t\t\t\t\t\t\t\t<\/a>\n\t\t\t\t\t\t\t\t\t\t\t\t\t\t\t<\/div>\n\t\t\t\t<\/div>\n\t\t\t\t\t<\/div>\n\t\t<\/div>\n\t\t\t\t<div class=\"elementor-column elementor-col-25 elementor-top-column elementor-element elementor-element-62d47169\" data-id=\"62d47169\" data-element_type=\"column\" data-e-type=\"column\">\n\t\t\t<div class=\"elementor-widget-wrap elementor-element-populated\">\n\t\t\t\t\t\t<div class=\"elementor-element elementor-element-5ca9450d elementor-widget elementor-widget-heading\" data-id=\"5ca9450d\" data-element_type=\"widget\" data-e-type=\"widget\" data-widget_type=\"heading.default\">\n\t\t\t\t<div class=\"elementor-widget-container\">\n\t\t\t\t\t<h2 class=\"elementor-heading-title elementor-size-default\"><a href=\"https:\/\/www.mimemario.com\/en\/victor-21\/\">Victor 21<\/a><\/h2>\t\t\t\t<\/div>\n\t\t\t\t<\/div>\n\t\t\t\t<div class=\"elementor-element elementor-element-34161968 elementor-widget elementor-widget-image\" data-id=\"34161968\" data-element_type=\"widget\" data-e-type=\"widget\" data-widget_type=\"image.default\">\n\t\t\t\t<div class=\"elementor-widget-container\">\n\t\t\t\t\t\t\t\t\t\t\t\t\t\t\t\t<a href=\"https:\/\/www.mimemario.com\/en\/victor-21\/\">\n\t\t\t\t\t\t\t<img loading=\"lazy\" decoding=\"async\" width=\"600\" height=\"875\" src=\"https:\/\/www.mimemario.com\/wp-content\/uploads\/2025\/03\/Mario_Diamond_Victor_21.jpg\" class=\"attachment-large size-large wp-image-1598\" alt=\"Victor 21\" srcset=\"https:\/\/www.mimemario.com\/wp-content\/uploads\/2025\/03\/Mario_Diamond_Victor_21.jpg 600w, https:\/\/www.mimemario.com\/wp-content\/uploads\/2025\/03\/Mario_Diamond_Victor_21-206x300.jpg 206w\" sizes=\"(max-width: 600px) 100vw, 600px\" \/>\t\t\t\t\t\t\t\t<\/a>\n\t\t\t\t\t\t\t\t\t\t\t\t\t\t\t<\/div>\n\t\t\t\t<\/div>\n\t\t\t\t\t<\/div>\n\t\t<\/div>\n\t\t\t\t\t<\/div>\n\t\t<\/section>\n\t\t\t\t<\/div>\n\t\t","protected":false},"excerpt":{"rendered":"<p>Characters Yoyo Robot Chaplin Victor 21<\/p>\n","protected":false},"author":1,"featured_media":0,"parent":0,"menu_order":30,"comment_status":"closed","ping_status":"open","template":"","meta":{"_monsterinsights_skip_tracking":false,"_monsterinsights_sitenote_active":false,"_monsterinsights_sitenote_note":"","_monsterinsights_sitenote_category":0,"footnotes":""},"class_list":["post-195","page","type-page","status-publish","hentry"],"yoast_head":"<!-- This site is optimized with the Yoast SEO plugin v27.5 - https:\/\/yoast.com\/product\/yoast-seo-wordpress\/ -->\n<title>Characters | Mime Mario<\/title>\n<meta name=\"robots\" content=\"index, follow, max-snippet:-1, max-image-preview:large, max-video-preview:-1\" \/>\n<link rel=\"canonical\" href=\"https:\/\/www.mimemario.com\/en\/characters\/\" \/>\n<meta property=\"og:locale\" content=\"en_US\" \/>\n<meta property=\"og:type\" content=\"article\" \/>\n<meta property=\"og:title\" content=\"Characters | Mime Mario\" \/>\n<meta property=\"og:description\" content=\"Characters Yoyo Robot Chaplin Victor 21\" \/>\n<meta property=\"og:url\" content=\"https:\/\/www.mimemario.com\/en\/characters\/\" \/>\n<meta property=\"og:site_name\" content=\"Mime Mario\" \/>\n<meta property=\"article:publisher\" content=\"https:\/\/www.facebook.com\/mario.diamond.5\" \/>\n<meta property=\"article:modified_time\" content=\"2025-03-03T16:29:41+00:00\" \/>\n<meta property=\"og:image\" content=\"https:\/\/www.mimemario.com\/wp-content\/uploads\/2014\/02\/Mario_Diamond_yoyo.jpg\" \/>\n\t<meta property=\"og:image:width\" content=\"600\" \/>\n\t<meta property=\"og:image:height\" content=\"875\" \/>\n\t<meta property=\"og:image:type\" content=\"image\/jpeg\" \/>\n<meta name=\"twitter:card\" content=\"summary_large_image\" \/>\n<script type=\"application\/ld+json\" class=\"yoast-schema-graph\">{\"@context\":\"https:\\\/\\\/schema.org\",\"@graph\":[{\"@type\":\"WebPage\",\"@id\":\"https:\\\/\\\/www.mimemario.com\\\/en\\\/characters\\\/\",\"url\":\"https:\\\/\\\/www.mimemario.com\\\/en\\\/characters\\\/\",\"name\":\"Characters | Mime Mario\",\"isPartOf\":{\"@id\":\"https:\\\/\\\/www.mimemario.com\\\/#website\"},\"primaryImageOfPage\":{\"@id\":\"https:\\\/\\\/www.mimemario.com\\\/en\\\/characters\\\/#primaryimage\"},\"image\":{\"@id\":\"https:\\\/\\\/www.mimemario.com\\\/en\\\/characters\\\/#primaryimage\"},\"thumbnailUrl\":\"https:\\\/\\\/www.mimemario.com\\\/wp-content\\\/uploads\\\/2014\\\/02\\\/Mario_Diamond_yoyo.jpg\",\"datePublished\":\"2014-03-04T22:53:38+00:00\",\"dateModified\":\"2025-03-03T16:29:41+00:00\",\"breadcrumb\":{\"@id\":\"https:\\\/\\\/www.mimemario.com\\\/en\\\/characters\\\/#breadcrumb\"},\"inLanguage\":\"en-US\",\"potentialAction\":[{\"@type\":\"ReadAction\",\"target\":[\"https:\\\/\\\/www.mimemario.com\\\/en\\\/characters\\\/\"]}]},{\"@type\":\"ImageObject\",\"inLanguage\":\"en-US\",\"@id\":\"https:\\\/\\\/www.mimemario.com\\\/en\\\/characters\\\/#primaryimage\",\"url\":\"https:\\\/\\\/www.mimemario.com\\\/wp-content\\\/uploads\\\/2014\\\/02\\\/Mario_Diamond_yoyo.jpg\",\"contentUrl\":\"https:\\\/\\\/www.mimemario.com\\\/wp-content\\\/uploads\\\/2014\\\/02\\\/Mario_Diamond_yoyo.jpg\"},{\"@type\":\"BreadcrumbList\",\"@id\":\"https:\\\/\\\/www.mimemario.com\\\/en\\\/characters\\\/#breadcrumb\",\"itemListElement\":[{\"@type\":\"ListItem\",\"position\":1,\"name\":\"Accueil\",\"item\":\"https:\\\/\\\/www.mimemario.com\\\/en\\\/\"},{\"@type\":\"ListItem\",\"position\":2,\"name\":\"Characters\"}]},{\"@type\":\"WebSite\",\"@id\":\"https:\\\/\\\/www.mimemario.com\\\/#website\",\"url\":\"https:\\\/\\\/www.mimemario.com\\\/\",\"name\":\"Mime Mario\",\"description\":\"Mime, Circus artist and street performer.\",\"publisher\":{\"@id\":\"https:\\\/\\\/www.mimemario.com\\\/#\\\/schema\\\/person\\\/37d82a91b8faadcf8863ff117ac2ce22\"},\"potentialAction\":[{\"@type\":\"SearchAction\",\"target\":{\"@type\":\"EntryPoint\",\"urlTemplate\":\"https:\\\/\\\/www.mimemario.com\\\/?s={search_term_string}\"},\"query-input\":{\"@type\":\"PropertyValueSpecification\",\"valueRequired\":true,\"valueName\":\"search_term_string\"}}],\"inLanguage\":\"en-US\"},{\"@type\":[\"Person\",\"Organization\"],\"@id\":\"https:\\\/\\\/www.mimemario.com\\\/#\\\/schema\\\/person\\\/37d82a91b8faadcf8863ff117ac2ce22\",\"name\":\"Mario Diamond\",\"image\":{\"@type\":\"ImageObject\",\"inLanguage\":\"en-US\",\"@id\":\"https:\\\/\\\/www.mimemario.com\\\/wp-content\\\/uploads\\\/2023\\\/04\\\/logo-mimemario.jpg\",\"url\":\"https:\\\/\\\/www.mimemario.com\\\/wp-content\\\/uploads\\\/2023\\\/04\\\/logo-mimemario.jpg\",\"contentUrl\":\"https:\\\/\\\/www.mimemario.com\\\/wp-content\\\/uploads\\\/2023\\\/04\\\/logo-mimemario.jpg\",\"width\":130,\"height\":92,\"caption\":\"Mario Diamond\"},\"logo\":{\"@id\":\"https:\\\/\\\/www.mimemario.com\\\/wp-content\\\/uploads\\\/2023\\\/04\\\/logo-mimemario.jpg\"},\"description\":\"Mario Diamond N\u00e9 en 1958, \u00e0 Louiseville, Qu\u00e9bec, Canada, il d\u00e9couvre le mime lors de ses \u00e9tudes en litt\u00e9rature au Cegep. En 1976, Mario donne son premier spectacle. \u00c0 ce jour, le mime a donn\u00e9 plus de 9000 repr\u00e9sentations en Europe, en Asie, en Am\u00e9rique du nord et du sud, a jou\u00e9 \u00e0 la t\u00e9l\u00e9vision et au cin\u00e9ma. Avec son langage international, il s\u2019adresse \u00e0 un auditoire vari\u00e9, de l\u2019enfant \u00e0 l\u2019adulte d\u2019\u00e2ge m\u00fbr et partout sur la plan\u00e8te.\",\"sameAs\":[\"http:\\\/\\\/mimemario.com\",\"https:\\\/\\\/www.facebook.com\\\/mario.diamond.5\",\"https:\\\/\\\/www.youtube.com\\\/@mariodiamond2450\"]}]}<\/script>\n<!-- \/ Yoast SEO plugin. -->","yoast_head_json":{"title":"Characters | Mime Mario","robots":{"index":"index","follow":"follow","max-snippet":"max-snippet:-1","max-image-preview":"max-image-preview:large","max-video-preview":"max-video-preview:-1"},"canonical":"https:\/\/www.mimemario.com\/en\/characters\/","og_locale":"en_US","og_type":"article","og_title":"Characters | Mime Mario","og_description":"Characters Yoyo Robot Chaplin Victor 21","og_url":"https:\/\/www.mimemario.com\/en\/characters\/","og_site_name":"Mime Mario","article_publisher":"https:\/\/www.facebook.com\/mario.diamond.5","article_modified_time":"2025-03-03T16:29:41+00:00","og_image":[{"width":600,"height":875,"url":"https:\/\/www.mimemario.com\/wp-content\/uploads\/2014\/02\/Mario_Diamond_yoyo.jpg","type":"image\/jpeg"}],"twitter_card":"summary_large_image","schema":{"@context":"https:\/\/schema.org","@graph":[{"@type":"WebPage","@id":"https:\/\/www.mimemario.com\/en\/characters\/","url":"https:\/\/www.mimemario.com\/en\/characters\/","name":"Characters | Mime Mario","isPartOf":{"@id":"https:\/\/www.mimemario.com\/#website"},"primaryImageOfPage":{"@id":"https:\/\/www.mimemario.com\/en\/characters\/#primaryimage"},"image":{"@id":"https:\/\/www.mimemario.com\/en\/characters\/#primaryimage"},"thumbnailUrl":"https:\/\/www.mimemario.com\/wp-content\/uploads\/2014\/02\/Mario_Diamond_yoyo.jpg","datePublished":"2014-03-04T22:53:38+00:00","dateModified":"2025-03-03T16:29:41+00:00","breadcrumb":{"@id":"https:\/\/www.mimemario.com\/en\/characters\/#breadcrumb"},"inLanguage":"en-US","potentialAction":[{"@type":"ReadAction","target":["https:\/\/www.mimemario.com\/en\/characters\/"]}]},{"@type":"ImageObject","inLanguage":"en-US","@id":"https:\/\/www.mimemario.com\/en\/characters\/#primaryimage","url":"https:\/\/www.mimemario.com\/wp-content\/uploads\/2014\/02\/Mario_Diamond_yoyo.jpg","contentUrl":"https:\/\/www.mimemario.com\/wp-content\/uploads\/2014\/02\/Mario_Diamond_yoyo.jpg"},{"@type":"BreadcrumbList","@id":"https:\/\/www.mimemario.com\/en\/characters\/#breadcrumb","itemListElement":[{"@type":"ListItem","position":1,"name":"Accueil","item":"https:\/\/www.mimemario.com\/en\/"},{"@type":"ListItem","position":2,"name":"Characters"}]},{"@type":"WebSite","@id":"https:\/\/www.mimemario.com\/#website","url":"https:\/\/www.mimemario.com\/","name":"Mime Mario","description":"Mime, Circus artist and street performer.","publisher":{"@id":"https:\/\/www.mimemario.com\/#\/schema\/person\/37d82a91b8faadcf8863ff117ac2ce22"},"potentialAction":[{"@type":"SearchAction","target":{"@type":"EntryPoint","urlTemplate":"https:\/\/www.mimemario.com\/?s={search_term_string}"},"query-input":{"@type":"PropertyValueSpecification","valueRequired":true,"valueName":"search_term_string"}}],"inLanguage":"en-US"},{"@type":["Person","Organization"],"@id":"https:\/\/www.mimemario.com\/#\/schema\/person\/37d82a91b8faadcf8863ff117ac2ce22","name":"Mario Diamond","image":{"@type":"ImageObject","inLanguage":"en-US","@id":"https:\/\/www.mimemario.com\/wp-content\/uploads\/2023\/04\/logo-mimemario.jpg","url":"https:\/\/www.mimemario.com\/wp-content\/uploads\/2023\/04\/logo-mimemario.jpg","contentUrl":"https:\/\/www.mimemario.com\/wp-content\/uploads\/2023\/04\/logo-mimemario.jpg","width":130,"height":92,"caption":"Mario Diamond"},"logo":{"@id":"https:\/\/www.mimemario.com\/wp-content\/uploads\/2023\/04\/logo-mimemario.jpg"},"description":"Mario Diamond N\u00e9 en 1958, \u00e0 Louiseville, Qu\u00e9bec, Canada, il d\u00e9couvre le mime lors de ses \u00e9tudes en litt\u00e9rature au Cegep. En 1976, Mario donne son premier spectacle. \u00c0 ce jour, le mime a donn\u00e9 plus de 9000 repr\u00e9sentations en Europe, en Asie, en Am\u00e9rique du nord et du sud, a jou\u00e9 \u00e0 la t\u00e9l\u00e9vision et au cin\u00e9ma. Avec son langage international, il s\u2019adresse \u00e0 un auditoire vari\u00e9, de l\u2019enfant \u00e0 l\u2019adulte d\u2019\u00e2ge m\u00fbr et partout sur la plan\u00e8te.","sameAs":["http:\/\/mimemario.com","https:\/\/www.facebook.com\/mario.diamond.5","https:\/\/www.youtube.com\/@mariodiamond2450"]}]}},"_links":{"self":[{"href":"https:\/\/www.mimemario.com\/en\/wp-json\/wp\/v2\/pages\/195","targetHints":{"allow":["GET"]}}],"collection":[{"href":"https:\/\/www.mimemario.com\/en\/wp-json\/wp\/v2\/pages"}],"about":[{"href":"https:\/\/www.mimemario.com\/en\/wp-json\/wp\/v2\/types\/page"}],"author":[{"embeddable":true,"href":"https:\/\/www.mimemario.com\/en\/wp-json\/wp\/v2\/users\/1"}],"replies":[{"embeddable":true,"href":"https:\/\/www.mimemario.com\/en\/wp-json\/wp\/v2\/comments?post=195"}],"version-history":[{"count":31,"href":"https:\/\/www.mimemario.com\/en\/wp-json\/wp\/v2\/pages\/195\/revisions"}],"predecessor-version":[{"id":1604,"href":"https:\/\/www.mimemario.com\/en\/wp-json\/wp\/v2\/pages\/195\/revisions\/1604"}],"wp:attachment":[{"href":"https:\/\/www.mimemario.com\/en\/wp-json\/wp\/v2\/media?parent=195"}],"curies":[{"name":"wp","href":"https:\/\/api.w.org\/{rel}","templated":true}]}}