{"id":203,"date":"2014-03-04T18:14:16","date_gmt":"2014-03-04T23:14:16","guid":{"rendered":"http:\/\/www.mimemario.com\/?page_id=203"},"modified":"2023-04-24T11:24:07","modified_gmt":"2023-04-24T15:24:07","slug":"videos","status":"publish","type":"page","link":"https:\/\/www.mimemario.com\/en\/videos\/","title":{"rendered":"Videos"},"content":{"rendered":"\t\t<div data-elementor-type=\"wp-page\" data-elementor-id=\"203\" class=\"elementor elementor-203 elementor-20\" data-elementor-post-type=\"page\">\n\t\t\t\t\t\t<section class=\"elementor-section elementor-top-section elementor-element elementor-element-5c2c0367 elementor-section-boxed elementor-section-height-default elementor-section-height-default\" data-id=\"5c2c0367\" data-element_type=\"section\" data-e-type=\"section\">\n\t\t\t\t\t\t<div class=\"elementor-container elementor-column-gap-default\">\n\t\t\t\t\t<div class=\"elementor-column elementor-col-100 elementor-top-column elementor-element elementor-element-66db5f3a\" data-id=\"66db5f3a\" data-element_type=\"column\" data-e-type=\"column\">\n\t\t\t<div class=\"elementor-widget-wrap elementor-element-populated\">\n\t\t\t\t\t\t<div class=\"elementor-element elementor-element-55bbec8e elementor-widget elementor-widget-heading\" data-id=\"55bbec8e\" data-element_type=\"widget\" data-e-type=\"widget\" data-widget_type=\"heading.default\">\n\t\t\t\t<div class=\"elementor-widget-container\">\n\t\t\t\t\t<h2 class=\"elementor-heading-title elementor-size-default\">Videos<\/h2>\t\t\t\t<\/div>\n\t\t\t\t<\/div>\n\t\t\t\t\t<\/div>\n\t\t<\/div>\n\t\t\t\t\t<\/div>\n\t\t<\/section>\n\t\t\t\t<section class=\"elementor-section elementor-top-section elementor-element elementor-element-5e23050 elementor-section-boxed elementor-section-height-default elementor-section-height-default\" data-id=\"5e23050\" data-element_type=\"section\" data-e-type=\"section\">\n\t\t\t\t\t\t<div class=\"elementor-container elementor-column-gap-default\">\n\t\t\t\t\t<div class=\"elementor-column elementor-col-100 elementor-top-column elementor-element elementor-element-16a7925b\" data-id=\"16a7925b\" data-element_type=\"column\" data-e-type=\"column\">\n\t\t\t<div class=\"elementor-widget-wrap elementor-element-populated\">\n\t\t\t\t\t\t<section class=\"elementor-section elementor-inner-section elementor-element elementor-element-f9cc7d2 elementor-section-boxed elementor-section-height-default elementor-section-height-default\" data-id=\"f9cc7d2\" data-element_type=\"section\" data-e-type=\"section\">\n\t\t\t\t\t\t<div class=\"elementor-container elementor-column-gap-default\">\n\t\t\t\t\t<div class=\"elementor-column elementor-col-50 elementor-inner-column elementor-element elementor-element-615acb78\" data-id=\"615acb78\" data-element_type=\"column\" data-e-type=\"column\">\n\t\t\t<div class=\"elementor-widget-wrap elementor-element-populated\">\n\t\t\t\t\t\t<div class=\"elementor-element elementor-element-6a84a9cb elementor-widget elementor-widget-heading\" data-id=\"6a84a9cb\" data-element_type=\"widget\" data-e-type=\"widget\" data-widget_type=\"heading.default\">\n\t\t\t\t<div class=\"elementor-widget-container\">\n\t\t\t\t\t<h2 class=\"elementor-heading-title elementor-size-default\">Mario Diamond demo<\/h2>\t\t\t\t<\/div>\n\t\t\t\t<\/div>\n\t\t\t\t<div class=\"elementor-element elementor-element-1771e9b elementor-widget elementor-widget-video\" data-id=\"1771e9b\" data-element_type=\"widget\" data-e-type=\"widget\" data-settings=\"{&quot;youtube_url&quot;:&quot;https:\\\/\\\/www.youtube.com\\\/watch?v=CbDOs9wY7P4&quot;,&quot;video_type&quot;:&quot;youtube&quot;,&quot;controls&quot;:&quot;yes&quot;}\" data-widget_type=\"video.default\">\n\t\t\t\t<div class=\"elementor-widget-container\">\n\t\t\t\t\t\t\t<div class=\"elementor-wrapper elementor-open-inline\">\n\t\t\t<div class=\"elementor-video\"><\/div>\t\t<\/div>\n\t\t\t\t\t\t<\/div>\n\t\t\t\t<\/div>\n\t\t\t\t\t<\/div>\n\t\t<\/div>\n\t\t\t\t<div class=\"elementor-column elementor-col-50 elementor-inner-column elementor-element elementor-element-1906132d\" data-id=\"1906132d\" data-element_type=\"column\" data-e-type=\"column\">\n\t\t\t<div class=\"elementor-widget-wrap elementor-element-populated\">\n\t\t\t\t\t\t<div class=\"elementor-element elementor-element-7b5cf3ce elementor-widget elementor-widget-heading\" data-id=\"7b5cf3ce\" data-element_type=\"widget\" data-e-type=\"widget\" data-widget_type=\"heading.default\">\n\t\t\t\t<div class=\"elementor-widget-container\">\n\t\t\t\t\t<h2 class=\"elementor-heading-title elementor-size-default\">Mario Diamond video promo<\/h2>\t\t\t\t<\/div>\n\t\t\t\t<\/div>\n\t\t\t\t<div class=\"elementor-element elementor-element-78fea225 elementor-widget elementor-widget-video\" data-id=\"78fea225\" data-element_type=\"widget\" data-e-type=\"widget\" data-settings=\"{&quot;youtube_url&quot;:&quot;https:\\\/\\\/www.youtube.com\\\/watch?v=oMq8flrpKsw&amp;t=1s&quot;,&quot;video_type&quot;:&quot;youtube&quot;,&quot;controls&quot;:&quot;yes&quot;}\" data-widget_type=\"video.default\">\n\t\t\t\t<div class=\"elementor-widget-container\">\n\t\t\t\t\t\t\t<div class=\"elementor-wrapper elementor-open-inline\">\n\t\t\t<div class=\"elementor-video\"><\/div>\t\t<\/div>\n\t\t\t\t\t\t<\/div>\n\t\t\t\t<\/div>\n\t\t\t\t\t<\/div>\n\t\t<\/div>\n\t\t\t\t\t<\/div>\n\t\t<\/section>\n\t\t\t\t<section class=\"elementor-section elementor-inner-section elementor-element elementor-element-6b865d1d elementor-section-boxed elementor-section-height-default elementor-section-height-default\" data-id=\"6b865d1d\" data-element_type=\"section\" data-e-type=\"section\">\n\t\t\t\t\t\t<div class=\"elementor-container elementor-column-gap-default\">\n\t\t\t\t\t<div class=\"elementor-column elementor-col-50 elementor-inner-column elementor-element elementor-element-6675039e\" data-id=\"6675039e\" data-element_type=\"column\" data-e-type=\"column\">\n\t\t\t<div class=\"elementor-widget-wrap elementor-element-populated\">\n\t\t\t\t\t\t<div class=\"elementor-element elementor-element-604d8587 elementor-widget elementor-widget-heading\" data-id=\"604d8587\" data-element_type=\"widget\" data-e-type=\"widget\" data-widget_type=\"heading.default\">\n\t\t\t\t<div class=\"elementor-widget-container\">\n\t\t\t\t\t<h2 class=\"elementor-heading-title elementor-size-default\">Evolution Mime Mario<\/h2>\t\t\t\t<\/div>\n\t\t\t\t<\/div>\n\t\t\t\t<div class=\"elementor-element elementor-element-1aad2aa2 elementor-widget elementor-widget-video\" data-id=\"1aad2aa2\" data-element_type=\"widget\" data-e-type=\"widget\" data-settings=\"{&quot;youtube_url&quot;:&quot;https:\\\/\\\/www.youtube.com\\\/watch?v=zudj5wlaKAg&quot;,&quot;video_type&quot;:&quot;youtube&quot;,&quot;controls&quot;:&quot;yes&quot;}\" data-widget_type=\"video.default\">\n\t\t\t\t<div class=\"elementor-widget-container\">\n\t\t\t\t\t\t\t<div class=\"elementor-wrapper elementor-open-inline\">\n\t\t\t<div class=\"elementor-video\"><\/div>\t\t<\/div>\n\t\t\t\t\t\t<\/div>\n\t\t\t\t<\/div>\n\t\t\t\t\t<\/div>\n\t\t<\/div>\n\t\t\t\t<div class=\"elementor-column elementor-col-50 elementor-inner-column elementor-element elementor-element-42e8e74a\" data-id=\"42e8e74a\" data-element_type=\"column\" data-e-type=\"column\">\n\t\t\t<div class=\"elementor-widget-wrap elementor-element-populated\">\n\t\t\t\t\t\t<div class=\"elementor-element elementor-element-7a01678f elementor-widget elementor-widget-heading\" data-id=\"7a01678f\" data-element_type=\"widget\" data-e-type=\"widget\" data-widget_type=\"heading.default\">\n\t\t\t\t<div class=\"elementor-widget-container\">\n\t\t\t\t\t<h2 class=\"elementor-heading-title elementor-size-default\">Mario Diamond The SuitCase<\/h2>\t\t\t\t<\/div>\n\t\t\t\t<\/div>\n\t\t\t\t<div class=\"elementor-element elementor-element-78353a31 elementor-widget elementor-widget-video\" data-id=\"78353a31\" data-element_type=\"widget\" data-e-type=\"widget\" data-settings=\"{&quot;youtube_url&quot;:&quot;https:\\\/\\\/www.youtube.com\\\/watch?v=GpDVYQaQ2Jc&quot;,&quot;video_type&quot;:&quot;youtube&quot;,&quot;controls&quot;:&quot;yes&quot;}\" data-widget_type=\"video.default\">\n\t\t\t\t<div class=\"elementor-widget-container\">\n\t\t\t\t\t\t\t<div class=\"elementor-wrapper elementor-open-inline\">\n\t\t\t<div class=\"elementor-video\"><\/div>\t\t<\/div>\n\t\t\t\t\t\t<\/div>\n\t\t\t\t<\/div>\n\t\t\t\t\t<\/div>\n\t\t<\/div>\n\t\t\t\t\t<\/div>\n\t\t<\/section>\n\t\t\t\t<section class=\"elementor-section elementor-inner-section elementor-element elementor-element-15e6ef19 elementor-section-boxed elementor-section-height-default elementor-section-height-default\" data-id=\"15e6ef19\" data-element_type=\"section\" data-e-type=\"section\">\n\t\t\t\t\t\t<div class=\"elementor-container elementor-column-gap-default\">\n\t\t\t\t\t<div class=\"elementor-column elementor-col-50 elementor-inner-column elementor-element elementor-element-79a2108d\" data-id=\"79a2108d\" data-element_type=\"column\" data-e-type=\"column\">\n\t\t\t<div class=\"elementor-widget-wrap elementor-element-populated\">\n\t\t\t\t\t\t<div class=\"elementor-element elementor-element-3435ab4b elementor-widget elementor-widget-heading\" data-id=\"3435ab4b\" data-element_type=\"widget\" data-e-type=\"widget\" data-widget_type=\"heading.default\">\n\t\t\t\t<div class=\"elementor-widget-container\">\n\t\t\t\t\t<h2 class=\"elementor-heading-title elementor-size-default\">Mario Diamond The Robot<\/h2>\t\t\t\t<\/div>\n\t\t\t\t<\/div>\n\t\t\t\t<div class=\"elementor-element elementor-element-4762ba4a elementor-widget elementor-widget-video\" data-id=\"4762ba4a\" data-element_type=\"widget\" data-e-type=\"widget\" data-settings=\"{&quot;youtube_url&quot;:&quot;https:\\\/\\\/www.youtube.com\\\/watch?v=uLvsfyfa534&quot;,&quot;video_type&quot;:&quot;youtube&quot;,&quot;controls&quot;:&quot;yes&quot;}\" data-widget_type=\"video.default\">\n\t\t\t\t<div class=\"elementor-widget-container\">\n\t\t\t\t\t\t\t<div class=\"elementor-wrapper elementor-open-inline\">\n\t\t\t<div class=\"elementor-video\"><\/div>\t\t<\/div>\n\t\t\t\t\t\t<\/div>\n\t\t\t\t<\/div>\n\t\t\t\t\t<\/div>\n\t\t<\/div>\n\t\t\t\t<div class=\"elementor-column elementor-col-50 elementor-inner-column elementor-element elementor-element-45e8fd8f\" data-id=\"45e8fd8f\" data-element_type=\"column\" data-e-type=\"column\">\n\t\t\t<div class=\"elementor-widget-wrap elementor-element-populated\">\n\t\t\t\t\t\t<div class=\"elementor-element elementor-element-16ae83ad elementor-widget elementor-widget-heading\" data-id=\"16ae83ad\" data-element_type=\"widget\" data-e-type=\"widget\" data-widget_type=\"heading.default\">\n\t\t\t\t<div class=\"elementor-widget-container\">\n\t\t\t\t\t<h2 class=\"elementor-heading-title elementor-size-default\">Capsule - Evolution 1<\/h2>\t\t\t\t<\/div>\n\t\t\t\t<\/div>\n\t\t\t\t<div class=\"elementor-element elementor-element-4c0cbfac elementor-widget elementor-widget-video\" data-id=\"4c0cbfac\" data-element_type=\"widget\" data-e-type=\"widget\" data-settings=\"{&quot;youtube_url&quot;:&quot;https:\\\/\\\/www.youtube.com\\\/watch?v=Dd8JaSnPSAI&quot;,&quot;video_type&quot;:&quot;youtube&quot;,&quot;controls&quot;:&quot;yes&quot;}\" data-widget_type=\"video.default\">\n\t\t\t\t<div class=\"elementor-widget-container\">\n\t\t\t\t\t\t\t<div class=\"elementor-wrapper elementor-open-inline\">\n\t\t\t<div class=\"elementor-video\"><\/div>\t\t<\/div>\n\t\t\t\t\t\t<\/div>\n\t\t\t\t<\/div>\n\t\t\t\t\t<\/div>\n\t\t<\/div>\n\t\t\t\t\t<\/div>\n\t\t<\/section>\n\t\t\t\t<section class=\"elementor-section elementor-inner-section elementor-element elementor-element-a733670 elementor-section-boxed elementor-section-height-default elementor-section-height-default\" data-id=\"a733670\" data-element_type=\"section\" data-e-type=\"section\">\n\t\t\t\t\t\t<div class=\"elementor-container elementor-column-gap-default\">\n\t\t\t\t\t<div class=\"elementor-column elementor-col-50 elementor-inner-column elementor-element elementor-element-3b3abae9\" data-id=\"3b3abae9\" data-element_type=\"column\" data-e-type=\"column\">\n\t\t\t<div class=\"elementor-widget-wrap elementor-element-populated\">\n\t\t\t\t\t\t<div class=\"elementor-element elementor-element-7e319ebf elementor-widget elementor-widget-heading\" data-id=\"7e319ebf\" data-element_type=\"widget\" data-e-type=\"widget\" data-widget_type=\"heading.default\">\n\t\t\t\t<div class=\"elementor-widget-container\">\n\t\t\t\t\t<h2 class=\"elementor-heading-title elementor-size-default\">Capsule - Evolution 2<\/h2>\t\t\t\t<\/div>\n\t\t\t\t<\/div>\n\t\t\t\t<div class=\"elementor-element elementor-element-d0012ad elementor-widget elementor-widget-video\" data-id=\"d0012ad\" data-element_type=\"widget\" data-e-type=\"widget\" data-settings=\"{&quot;youtube_url&quot;:&quot;https:\\\/\\\/www.youtube.com\\\/watch?v=FRzHo3UzbVE&quot;,&quot;video_type&quot;:&quot;youtube&quot;,&quot;controls&quot;:&quot;yes&quot;}\" data-widget_type=\"video.default\">\n\t\t\t\t<div class=\"elementor-widget-container\">\n\t\t\t\t\t\t\t<div class=\"elementor-wrapper elementor-open-inline\">\n\t\t\t<div class=\"elementor-video\"><\/div>\t\t<\/div>\n\t\t\t\t\t\t<\/div>\n\t\t\t\t<\/div>\n\t\t\t\t\t<\/div>\n\t\t<\/div>\n\t\t\t\t<div class=\"elementor-column elementor-col-50 elementor-inner-column elementor-element elementor-element-371866b0\" data-id=\"371866b0\" data-element_type=\"column\" data-e-type=\"column\">\n\t\t\t<div class=\"elementor-widget-wrap elementor-element-populated\">\n\t\t\t\t\t\t<div class=\"elementor-element elementor-element-239a1431 elementor-widget elementor-widget-heading\" data-id=\"239a1431\" data-element_type=\"widget\" data-e-type=\"widget\" data-widget_type=\"heading.default\">\n\t\t\t\t<div class=\"elementor-widget-container\">\n\t\t\t\t\t<h2 class=\"elementor-heading-title elementor-size-default\">Capsule - Evolution 3<\/h2>\t\t\t\t<\/div>\n\t\t\t\t<\/div>\n\t\t\t\t<div class=\"elementor-element elementor-element-3f075ff6 elementor-widget elementor-widget-video\" data-id=\"3f075ff6\" data-element_type=\"widget\" data-e-type=\"widget\" data-settings=\"{&quot;youtube_url&quot;:&quot;https:\\\/\\\/www.youtube.com\\\/watch?v=YQwlVWKm_u4&quot;,&quot;video_type&quot;:&quot;youtube&quot;,&quot;controls&quot;:&quot;yes&quot;}\" data-widget_type=\"video.default\">\n\t\t\t\t<div class=\"elementor-widget-container\">\n\t\t\t\t\t\t\t<div class=\"elementor-wrapper elementor-open-inline\">\n\t\t\t<div class=\"elementor-video\"><\/div>\t\t<\/div>\n\t\t\t\t\t\t<\/div>\n\t\t\t\t<\/div>\n\t\t\t\t\t<\/div>\n\t\t<\/div>\n\t\t\t\t\t<\/div>\n\t\t<\/section>\n\t\t\t\t<section class=\"elementor-section elementor-inner-section elementor-element elementor-element-3ae2019a elementor-section-boxed elementor-section-height-default elementor-section-height-default\" data-id=\"3ae2019a\" data-element_type=\"section\" data-e-type=\"section\">\n\t\t\t\t\t\t<div class=\"elementor-container elementor-column-gap-default\">\n\t\t\t\t\t<div class=\"elementor-column elementor-col-50 elementor-inner-column elementor-element elementor-element-787fd0bb\" data-id=\"787fd0bb\" data-element_type=\"column\" data-e-type=\"column\">\n\t\t\t<div class=\"elementor-widget-wrap elementor-element-populated\">\n\t\t\t\t\t\t<div class=\"elementor-element elementor-element-76b2aefa elementor-widget elementor-widget-heading\" data-id=\"76b2aefa\" data-element_type=\"widget\" data-e-type=\"widget\" data-widget_type=\"heading.default\">\n\t\t\t\t<div class=\"elementor-widget-container\">\n\t\t\t\t\t<h2 class=\"elementor-heading-title elementor-size-default\">The centenary of Movies <\/h2>\t\t\t\t<\/div>\n\t\t\t\t<\/div>\n\t\t\t\t<div class=\"elementor-element elementor-element-625a3f16 elementor-widget elementor-widget-video\" data-id=\"625a3f16\" data-element_type=\"widget\" data-e-type=\"widget\" data-settings=\"{&quot;youtube_url&quot;:&quot;https:\\\/\\\/www.youtube.com\\\/watch?v=Vy2dccj0wfM&quot;,&quot;video_type&quot;:&quot;youtube&quot;,&quot;controls&quot;:&quot;yes&quot;}\" data-widget_type=\"video.default\">\n\t\t\t\t<div class=\"elementor-widget-container\">\n\t\t\t\t\t\t\t<div class=\"elementor-wrapper elementor-open-inline\">\n\t\t\t<div class=\"elementor-video\"><\/div>\t\t<\/div>\n\t\t\t\t\t\t<\/div>\n\t\t\t\t<\/div>\n\t\t\t\t\t<\/div>\n\t\t<\/div>\n\t\t\t\t<div class=\"elementor-column elementor-col-50 elementor-inner-column elementor-element elementor-element-20b9681f\" data-id=\"20b9681f\" data-element_type=\"column\" data-e-type=\"column\">\n\t\t\t<div class=\"elementor-widget-wrap\">\n\t\t\t\t\t\t\t<\/div>\n\t\t<\/div>\n\t\t\t\t\t<\/div>\n\t\t<\/section>\n\t\t\t\t\t<\/div>\n\t\t<\/div>\n\t\t\t\t\t<\/div>\n\t\t<\/section>\n\t\t\t\t<\/div>\n\t\t","protected":false},"excerpt":{"rendered":"<p>Videos Mario Diamond demo Mario Diamond video promo Evolution Mime Mario Mario Diamond The SuitCase Mario Diamond The Robot Capsule &#8211; Evolution 1 Capsule &#8211; Evolution 2 Capsule &#8211; Evolution 3 The centenary of Movies<\/p>\n","protected":false},"author":1,"featured_media":0,"parent":0,"menu_order":70,"comment_status":"closed","ping_status":"open","template":"","meta":{"_monsterinsights_skip_tracking":false,"_monsterinsights_sitenote_active":false,"_monsterinsights_sitenote_note":"","_monsterinsights_sitenote_category":0,"footnotes":""},"class_list":["post-203","page","type-page","status-publish","hentry"],"yoast_head":"<!-- This site is optimized with the Yoast SEO plugin v27.4 - https:\/\/yoast.com\/product\/yoast-seo-wordpress\/ -->\n<title>Mime Mario |<\/title>\n<meta name=\"description\" content=\"Videos of Mario Diamond portraying different characters such as Yoyo, the Robot, Charlie Chaplin, or Victor 21. Videos of various commercials.\" \/>\n<meta name=\"robots\" content=\"index, follow, max-snippet:-1, max-image-preview:large, max-video-preview:-1\" \/>\n<link rel=\"canonical\" href=\"https:\/\/www.mimemario.com\/en\/videos\/\" \/>\n<meta property=\"og:locale\" content=\"en_US\" \/>\n<meta property=\"og:type\" content=\"article\" \/>\n<meta property=\"og:title\" content=\"Mime Mario |\" \/>\n<meta property=\"og:description\" content=\"Videos of Mario Diamond portraying different characters such as Yoyo, the Robot, Charlie Chaplin, or Victor 21. Videos of various commercials.\" \/>\n<meta property=\"og:url\" content=\"https:\/\/www.mimemario.com\/en\/videos\/\" \/>\n<meta property=\"og:site_name\" content=\"Mime Mario\" \/>\n<meta property=\"article:publisher\" content=\"https:\/\/www.facebook.com\/mario.diamond.5\" \/>\n<meta property=\"article:modified_time\" content=\"2023-04-24T15:24:07+00:00\" \/>\n<meta property=\"og:image\" content=\"https:\/\/www.mimemario.com\/wp-content\/uploads\/2023\/04\/mario_diamond_yoyo_04.jpg\" \/>\n\t<meta property=\"og:image:width\" content=\"1200\" \/>\n\t<meta property=\"og:image:height\" content=\"675\" \/>\n\t<meta property=\"og:image:type\" content=\"image\/jpeg\" \/>\n<meta name=\"twitter:card\" content=\"summary_large_image\" \/>\n<script type=\"application\/ld+json\" class=\"yoast-schema-graph\">{\"@context\":\"https:\\\/\\\/schema.org\",\"@graph\":[{\"@type\":\"WebPage\",\"@id\":\"https:\\\/\\\/www.mimemario.com\\\/en\\\/videos\\\/\",\"url\":\"https:\\\/\\\/www.mimemario.com\\\/en\\\/videos\\\/\",\"name\":\"Mime Mario |\",\"isPartOf\":{\"@id\":\"https:\\\/\\\/www.mimemario.com\\\/#website\"},\"datePublished\":\"2014-03-04T23:14:16+00:00\",\"dateModified\":\"2023-04-24T15:24:07+00:00\",\"description\":\"Videos of Mario Diamond portraying different characters such as Yoyo, the Robot, Charlie Chaplin, or Victor 21. Videos of various commercials.\",\"breadcrumb\":{\"@id\":\"https:\\\/\\\/www.mimemario.com\\\/en\\\/videos\\\/#breadcrumb\"},\"inLanguage\":\"en-US\",\"potentialAction\":[{\"@type\":\"ReadAction\",\"target\":[\"https:\\\/\\\/www.mimemario.com\\\/en\\\/videos\\\/\"]}]},{\"@type\":\"BreadcrumbList\",\"@id\":\"https:\\\/\\\/www.mimemario.com\\\/en\\\/videos\\\/#breadcrumb\",\"itemListElement\":[{\"@type\":\"ListItem\",\"position\":1,\"name\":\"Accueil\",\"item\":\"https:\\\/\\\/www.mimemario.com\\\/en\\\/\"},{\"@type\":\"ListItem\",\"position\":2,\"name\":\"Videos\"}]},{\"@type\":\"WebSite\",\"@id\":\"https:\\\/\\\/www.mimemario.com\\\/#website\",\"url\":\"https:\\\/\\\/www.mimemario.com\\\/\",\"name\":\"Mime Mario\",\"description\":\"Mime, Circus artist and street performer.\",\"publisher\":{\"@id\":\"https:\\\/\\\/www.mimemario.com\\\/#\\\/schema\\\/person\\\/37d82a91b8faadcf8863ff117ac2ce22\"},\"potentialAction\":[{\"@type\":\"SearchAction\",\"target\":{\"@type\":\"EntryPoint\",\"urlTemplate\":\"https:\\\/\\\/www.mimemario.com\\\/?s={search_term_string}\"},\"query-input\":{\"@type\":\"PropertyValueSpecification\",\"valueRequired\":true,\"valueName\":\"search_term_string\"}}],\"inLanguage\":\"en-US\"},{\"@type\":[\"Person\",\"Organization\"],\"@id\":\"https:\\\/\\\/www.mimemario.com\\\/#\\\/schema\\\/person\\\/37d82a91b8faadcf8863ff117ac2ce22\",\"name\":\"Mario Diamond\",\"image\":{\"@type\":\"ImageObject\",\"inLanguage\":\"en-US\",\"@id\":\"https:\\\/\\\/www.mimemario.com\\\/wp-content\\\/uploads\\\/2023\\\/04\\\/logo-mimemario.jpg\",\"url\":\"https:\\\/\\\/www.mimemario.com\\\/wp-content\\\/uploads\\\/2023\\\/04\\\/logo-mimemario.jpg\",\"contentUrl\":\"https:\\\/\\\/www.mimemario.com\\\/wp-content\\\/uploads\\\/2023\\\/04\\\/logo-mimemario.jpg\",\"width\":130,\"height\":92,\"caption\":\"Mario Diamond\"},\"logo\":{\"@id\":\"https:\\\/\\\/www.mimemario.com\\\/wp-content\\\/uploads\\\/2023\\\/04\\\/logo-mimemario.jpg\"},\"description\":\"Mario Diamond N\u00e9 en 1958, \u00e0 Louiseville, Qu\u00e9bec, Canada, il d\u00e9couvre le mime lors de ses \u00e9tudes en litt\u00e9rature au Cegep. En 1976, Mario donne son premier spectacle. \u00c0 ce jour, le mime a donn\u00e9 plus de 9000 repr\u00e9sentations en Europe, en Asie, en Am\u00e9rique du nord et du sud, a jou\u00e9 \u00e0 la t\u00e9l\u00e9vision et au cin\u00e9ma. Avec son langage international, il s\u2019adresse \u00e0 un auditoire vari\u00e9, de l\u2019enfant \u00e0 l\u2019adulte d\u2019\u00e2ge m\u00fbr et partout sur la plan\u00e8te.\",\"sameAs\":[\"http:\\\/\\\/mimemario.com\",\"https:\\\/\\\/www.facebook.com\\\/mario.diamond.5\",\"https:\\\/\\\/www.youtube.com\\\/@mariodiamond2450\"]}]}<\/script>\n<!-- \/ Yoast SEO plugin. -->","yoast_head_json":{"title":"Mime Mario |","description":"Videos of Mario Diamond portraying different characters such as Yoyo, the Robot, Charlie Chaplin, or Victor 21. Videos of various commercials.","robots":{"index":"index","follow":"follow","max-snippet":"max-snippet:-1","max-image-preview":"max-image-preview:large","max-video-preview":"max-video-preview:-1"},"canonical":"https:\/\/www.mimemario.com\/en\/videos\/","og_locale":"en_US","og_type":"article","og_title":"Mime Mario |","og_description":"Videos of Mario Diamond portraying different characters such as Yoyo, the Robot, Charlie Chaplin, or Victor 21. Videos of various commercials.","og_url":"https:\/\/www.mimemario.com\/en\/videos\/","og_site_name":"Mime Mario","article_publisher":"https:\/\/www.facebook.com\/mario.diamond.5","article_modified_time":"2023-04-24T15:24:07+00:00","og_image":[{"width":1200,"height":675,"url":"https:\/\/www.mimemario.com\/wp-content\/uploads\/2023\/04\/mario_diamond_yoyo_04.jpg","type":"image\/jpeg"}],"twitter_card":"summary_large_image","schema":{"@context":"https:\/\/schema.org","@graph":[{"@type":"WebPage","@id":"https:\/\/www.mimemario.com\/en\/videos\/","url":"https:\/\/www.mimemario.com\/en\/videos\/","name":"Mime Mario |","isPartOf":{"@id":"https:\/\/www.mimemario.com\/#website"},"datePublished":"2014-03-04T23:14:16+00:00","dateModified":"2023-04-24T15:24:07+00:00","description":"Videos of Mario Diamond portraying different characters such as Yoyo, the Robot, Charlie Chaplin, or Victor 21. Videos of various commercials.","breadcrumb":{"@id":"https:\/\/www.mimemario.com\/en\/videos\/#breadcrumb"},"inLanguage":"en-US","potentialAction":[{"@type":"ReadAction","target":["https:\/\/www.mimemario.com\/en\/videos\/"]}]},{"@type":"BreadcrumbList","@id":"https:\/\/www.mimemario.com\/en\/videos\/#breadcrumb","itemListElement":[{"@type":"ListItem","position":1,"name":"Accueil","item":"https:\/\/www.mimemario.com\/en\/"},{"@type":"ListItem","position":2,"name":"Videos"}]},{"@type":"WebSite","@id":"https:\/\/www.mimemario.com\/#website","url":"https:\/\/www.mimemario.com\/","name":"Mime Mario","description":"Mime, Circus artist and street performer.","publisher":{"@id":"https:\/\/www.mimemario.com\/#\/schema\/person\/37d82a91b8faadcf8863ff117ac2ce22"},"potentialAction":[{"@type":"SearchAction","target":{"@type":"EntryPoint","urlTemplate":"https:\/\/www.mimemario.com\/?s={search_term_string}"},"query-input":{"@type":"PropertyValueSpecification","valueRequired":true,"valueName":"search_term_string"}}],"inLanguage":"en-US"},{"@type":["Person","Organization"],"@id":"https:\/\/www.mimemario.com\/#\/schema\/person\/37d82a91b8faadcf8863ff117ac2ce22","name":"Mario Diamond","image":{"@type":"ImageObject","inLanguage":"en-US","@id":"https:\/\/www.mimemario.com\/wp-content\/uploads\/2023\/04\/logo-mimemario.jpg","url":"https:\/\/www.mimemario.com\/wp-content\/uploads\/2023\/04\/logo-mimemario.jpg","contentUrl":"https:\/\/www.mimemario.com\/wp-content\/uploads\/2023\/04\/logo-mimemario.jpg","width":130,"height":92,"caption":"Mario Diamond"},"logo":{"@id":"https:\/\/www.mimemario.com\/wp-content\/uploads\/2023\/04\/logo-mimemario.jpg"},"description":"Mario Diamond N\u00e9 en 1958, \u00e0 Louiseville, Qu\u00e9bec, Canada, il d\u00e9couvre le mime lors de ses \u00e9tudes en litt\u00e9rature au Cegep. En 1976, Mario donne son premier spectacle. \u00c0 ce jour, le mime a donn\u00e9 plus de 9000 repr\u00e9sentations en Europe, en Asie, en Am\u00e9rique du nord et du sud, a jou\u00e9 \u00e0 la t\u00e9l\u00e9vision et au cin\u00e9ma. Avec son langage international, il s\u2019adresse \u00e0 un auditoire vari\u00e9, de l\u2019enfant \u00e0 l\u2019adulte d\u2019\u00e2ge m\u00fbr et partout sur la plan\u00e8te.","sameAs":["http:\/\/mimemario.com","https:\/\/www.facebook.com\/mario.diamond.5","https:\/\/www.youtube.com\/@mariodiamond2450"]}]}},"_links":{"self":[{"href":"https:\/\/www.mimemario.com\/en\/wp-json\/wp\/v2\/pages\/203","targetHints":{"allow":["GET"]}}],"collection":[{"href":"https:\/\/www.mimemario.com\/en\/wp-json\/wp\/v2\/pages"}],"about":[{"href":"https:\/\/www.mimemario.com\/en\/wp-json\/wp\/v2\/types\/page"}],"author":[{"embeddable":true,"href":"https:\/\/www.mimemario.com\/en\/wp-json\/wp\/v2\/users\/1"}],"replies":[{"embeddable":true,"href":"https:\/\/www.mimemario.com\/en\/wp-json\/wp\/v2\/comments?post=203"}],"version-history":[{"count":14,"href":"https:\/\/www.mimemario.com\/en\/wp-json\/wp\/v2\/pages\/203\/revisions"}],"predecessor-version":[{"id":1522,"href":"https:\/\/www.mimemario.com\/en\/wp-json\/wp\/v2\/pages\/203\/revisions\/1522"}],"wp:attachment":[{"href":"https:\/\/www.mimemario.com\/en\/wp-json\/wp\/v2\/media?parent=203"}],"curies":[{"name":"wp","href":"https:\/\/api.w.org\/{rel}","templated":true}]}}