{"id":209,"date":"2014-03-04T18:17:39","date_gmt":"2014-03-04T23:17:39","guid":{"rendered":"http:\/\/www.mimemario.com\/?page_id=209"},"modified":"2023-04-24T11:29:12","modified_gmt":"2023-04-24T15:29:12","slug":"resume","status":"publish","type":"page","link":"https:\/\/www.mimemario.com\/en\/resume\/","title":{"rendered":"Resume"},"content":{"rendered":"\t\t<div data-elementor-type=\"wp-page\" data-elementor-id=\"209\" class=\"elementor elementor-209 elementor-24\" data-elementor-post-type=\"page\">\n\t\t\t\t\t\t<section class=\"elementor-section elementor-top-section elementor-element elementor-element-40992c41 elementor-section-boxed elementor-section-height-default elementor-section-height-default\" data-id=\"40992c41\" data-element_type=\"section\" data-e-type=\"section\">\n\t\t\t\t\t\t<div class=\"elementor-container elementor-column-gap-default\">\n\t\t\t\t\t<div class=\"elementor-column elementor-col-100 elementor-top-column elementor-element elementor-element-3c67a6c6\" data-id=\"3c67a6c6\" data-element_type=\"column\" data-e-type=\"column\">\n\t\t\t<div class=\"elementor-widget-wrap elementor-element-populated\">\n\t\t\t\t\t\t<div class=\"elementor-element elementor-element-3eafaf1d elementor-widget elementor-widget-heading\" data-id=\"3eafaf1d\" data-element_type=\"widget\" data-e-type=\"widget\" data-widget_type=\"heading.default\">\n\t\t\t\t<div class=\"elementor-widget-container\">\n\t\t\t\t\t<h2 class=\"elementor-heading-title elementor-size-default\">Resume<\/h2>\t\t\t\t<\/div>\n\t\t\t\t<\/div>\n\t\t\t\t\t<\/div>\n\t\t<\/div>\n\t\t\t\t\t<\/div>\n\t\t<\/section>\n\t\t\t\t<section class=\"elementor-section elementor-top-section elementor-element elementor-element-6a46b845 elementor-section-boxed elementor-section-height-default elementor-section-height-default\" data-id=\"6a46b845\" data-element_type=\"section\" data-e-type=\"section\">\n\t\t\t\t\t\t<div class=\"elementor-container elementor-column-gap-default\">\n\t\t\t\t\t<div class=\"elementor-column elementor-col-50 elementor-top-column elementor-element elementor-element-e22492f\" data-id=\"e22492f\" data-element_type=\"column\" data-e-type=\"column\">\n\t\t\t<div class=\"elementor-widget-wrap elementor-element-populated\">\n\t\t\t\t\t\t<div class=\"elementor-element elementor-element-229c028 elementor-widget elementor-widget-image\" data-id=\"229c028\" data-element_type=\"widget\" data-e-type=\"widget\" data-widget_type=\"image.default\">\n\t\t\t\t<div class=\"elementor-widget-container\">\n\t\t\t\t\t\t\t\t\t\t\t\t\t\t\t<img fetchpriority=\"high\" decoding=\"async\" width=\"683\" height=\"1024\" src=\"https:\/\/www.mimemario.com\/wp-content\/uploads\/2023\/04\/mario_diamond_headshot05-683x1024.jpg\" class=\"attachment-large size-large wp-image-811\" alt=\"\" srcset=\"https:\/\/www.mimemario.com\/wp-content\/uploads\/2023\/04\/mario_diamond_headshot05-683x1024.jpg 683w, https:\/\/www.mimemario.com\/wp-content\/uploads\/2023\/04\/mario_diamond_headshot05-200x300.jpg 200w, https:\/\/www.mimemario.com\/wp-content\/uploads\/2023\/04\/mario_diamond_headshot05-768x1152.jpg 768w, https:\/\/www.mimemario.com\/wp-content\/uploads\/2023\/04\/mario_diamond_headshot05.jpg 800w\" sizes=\"(max-width: 683px) 100vw, 683px\" \/>\t\t\t\t\t\t\t\t\t\t\t\t\t\t\t<\/div>\n\t\t\t\t<\/div>\n\t\t\t\t\t<\/div>\n\t\t<\/div>\n\t\t\t\t<div class=\"elementor-column elementor-col-50 elementor-top-column elementor-element elementor-element-3c03cc53\" data-id=\"3c03cc53\" data-element_type=\"column\" data-e-type=\"column\">\n\t\t\t<div class=\"elementor-widget-wrap elementor-element-populated\">\n\t\t\t\t\t\t<div class=\"elementor-element elementor-element-559d5904 elementor-widget elementor-widget-text-editor\" data-id=\"559d5904\" data-element_type=\"widget\" data-e-type=\"widget\" data-widget_type=\"text-editor.default\">\n\t\t\t\t<div class=\"elementor-widget-container\">\n\t\t\t\t\t\t\t\t\t<p>Mario Diamond<\/p>\t\t\t\t\t\t\t\t<\/div>\n\t\t\t\t<\/div>\n\t\t\t\t<div class=\"elementor-element elementor-element-3a7ae50a elementor-widget elementor-widget-text-editor\" data-id=\"3a7ae50a\" data-element_type=\"widget\" data-e-type=\"widget\" data-widget_type=\"text-editor.default\">\n\t\t\t\t<div class=\"elementor-widget-container\">\n\t\t\t\t\t\t\t\t\t<p class=\"\" contenteditable=\"false\">Was born in 1958 in Louiseville, Canada. He discovered mime while studying literature in college. In 1976, Mario was on stage for the first time.<\/p>\n<p class=\"\" contenteditable=\"false\">More than forty-five years later the mime has performed in Europe, Asia, South and North America, in over 10000 shows, played in televison shows, movies and TV commercials. His audience goes from kids to matured people from everywhere on planet earth.<\/p>\t\t\t\t\t\t\t\t<\/div>\n\t\t\t\t<\/div>\n\t\t\t\t<div class=\"elementor-element elementor-element-78e91a6 elementor-align-center elementor-widget elementor-widget-button\" data-id=\"78e91a6\" data-element_type=\"widget\" data-e-type=\"widget\" data-widget_type=\"button.default\">\n\t\t\t\t<div class=\"elementor-widget-container\">\n\t\t\t\t\t\t\t\t\t<div class=\"elementor-button-wrapper\">\n\t\t\t\t\t<a class=\"elementor-button elementor-button-link elementor-size-sm\" href=\"https:\/\/www.mimemario.com\/mariodiamond_cv_eng.pdf\">\n\t\t\t\t\t\t<span class=\"elementor-button-content-wrapper\">\n\t\t\t\t\t\t<span class=\"elementor-button-icon\">\n\t\t\t\t<i aria-hidden=\"true\" class=\"far fa-file-pdf\"><\/i>\t\t\t<\/span>\n\t\t\t\t\t\t\t\t\t<span class=\"elementor-button-text\">DOWNLOAD THE RESUME HERE<\/span>\n\t\t\t\t\t<\/span>\n\t\t\t\t\t<\/a>\n\t\t\t\t<\/div>\n\t\t\t\t\t\t\t\t<\/div>\n\t\t\t\t<\/div>\n\t\t\t\t<div class=\"elementor-element elementor-element-5dff6db6 elementor-widget elementor-widget-image\" data-id=\"5dff6db6\" data-element_type=\"widget\" data-e-type=\"widget\" data-widget_type=\"image.default\">\n\t\t\t\t<div class=\"elementor-widget-container\">\n\t\t\t\t\t\t\t\t\t\t\t\t\t\t\t<img decoding=\"async\" width=\"130\" height=\"92\" src=\"https:\/\/www.mimemario.com\/wp-content\/uploads\/2014\/02\/icon-theatre.jpg\" class=\"attachment-large size-large wp-image-91\" alt=\"Logo de masque de th\u00e9atre\" srcset=\"https:\/\/www.mimemario.com\/wp-content\/uploads\/2014\/02\/icon-theatre.jpg 130w, https:\/\/www.mimemario.com\/wp-content\/uploads\/2014\/02\/icon-theatre-100x70.jpg 100w\" sizes=\"(max-width: 130px) 100vw, 130px\" \/>\t\t\t\t\t\t\t\t\t\t\t\t\t\t\t<\/div>\n\t\t\t\t<\/div>\n\t\t\t\t\t<\/div>\n\t\t<\/div>\n\t\t\t\t\t<\/div>\n\t\t<\/section>\n\t\t\t\t<\/div>\n\t\t","protected":false},"excerpt":{"rendered":"<p>Resume Mario Diamond Was born in 1958 in Louiseville, Canada. He discovered mime while studying literature in college. In 1976, Mario was on stage for the first time. More than forty-five years later the mime has performed in Europe, Asia, South and North America, in over 10000 shows, played in televison shows, movies and TV [&hellip;]<\/p>\n","protected":false},"author":1,"featured_media":0,"parent":0,"menu_order":90,"comment_status":"closed","ping_status":"open","template":"","meta":{"_monsterinsights_skip_tracking":false,"_monsterinsights_sitenote_active":false,"_monsterinsights_sitenote_note":"","_monsterinsights_sitenote_category":0,"footnotes":""},"class_list":["post-209","page","type-page","status-publish","hentry"],"yoast_head":"<!-- This site is optimized with the Yoast SEO plugin v27.3 - https:\/\/yoast.com\/product\/yoast-seo-wordpress\/ -->\n<title>Mime Mario | Mario Diamond, renowned multidisciplinary artist.<\/title>\n<meta name=\"description\" content=\"Discover the career of Mario Diamond, mime since 1976 and renowned multidisciplinary artist around the world. 10000 performances!\" \/>\n<meta name=\"robots\" content=\"index, follow, max-snippet:-1, max-image-preview:large, max-video-preview:-1\" \/>\n<link rel=\"canonical\" href=\"https:\/\/www.mimemario.com\/en\/resume\/\" \/>\n<meta property=\"og:locale\" content=\"en_US\" \/>\n<meta property=\"og:type\" content=\"article\" \/>\n<meta property=\"og:title\" content=\"Mime Mario | Mario Diamond, renowned multidisciplinary artist.\" \/>\n<meta property=\"og:description\" content=\"Discover the career of Mario Diamond, mime since 1976 and renowned multidisciplinary artist around the world. 10000 performances!\" \/>\n<meta property=\"og:url\" content=\"https:\/\/www.mimemario.com\/en\/resume\/\" \/>\n<meta property=\"og:site_name\" content=\"Mime Mario\" \/>\n<meta property=\"article:publisher\" content=\"https:\/\/www.facebook.com\/mario.diamond.5\" \/>\n<meta property=\"article:modified_time\" content=\"2023-04-24T15:29:12+00:00\" \/>\n<meta property=\"og:image\" content=\"https:\/\/www.mimemario.com\/wp-content\/uploads\/2023\/04\/mario_diamond_headshot05-683x1024.jpg\" \/>\n<meta name=\"twitter:card\" content=\"summary_large_image\" \/>\n<script type=\"application\/ld+json\" class=\"yoast-schema-graph\">{\"@context\":\"https:\\\/\\\/schema.org\",\"@graph\":[{\"@type\":\"WebPage\",\"@id\":\"https:\\\/\\\/www.mimemario.com\\\/en\\\/resume\\\/\",\"url\":\"https:\\\/\\\/www.mimemario.com\\\/en\\\/resume\\\/\",\"name\":\"Mime Mario | Mario Diamond, renowned multidisciplinary artist.\",\"isPartOf\":{\"@id\":\"https:\\\/\\\/www.mimemario.com\\\/#website\"},\"primaryImageOfPage\":{\"@id\":\"https:\\\/\\\/www.mimemario.com\\\/en\\\/resume\\\/#primaryimage\"},\"image\":{\"@id\":\"https:\\\/\\\/www.mimemario.com\\\/en\\\/resume\\\/#primaryimage\"},\"thumbnailUrl\":\"https:\\\/\\\/www.mimemario.com\\\/wp-content\\\/uploads\\\/2023\\\/04\\\/mario_diamond_headshot05-683x1024.jpg\",\"datePublished\":\"2014-03-04T23:17:39+00:00\",\"dateModified\":\"2023-04-24T15:29:12+00:00\",\"description\":\"Discover the career of Mario Diamond, mime since 1976 and renowned multidisciplinary artist around the world. 10000 performances!\",\"breadcrumb\":{\"@id\":\"https:\\\/\\\/www.mimemario.com\\\/en\\\/resume\\\/#breadcrumb\"},\"inLanguage\":\"en-US\",\"potentialAction\":[{\"@type\":\"ReadAction\",\"target\":[\"https:\\\/\\\/www.mimemario.com\\\/en\\\/resume\\\/\"]}]},{\"@type\":\"ImageObject\",\"inLanguage\":\"en-US\",\"@id\":\"https:\\\/\\\/www.mimemario.com\\\/en\\\/resume\\\/#primaryimage\",\"url\":\"https:\\\/\\\/www.mimemario.com\\\/wp-content\\\/uploads\\\/2023\\\/04\\\/mario_diamond_headshot05-683x1024.jpg\",\"contentUrl\":\"https:\\\/\\\/www.mimemario.com\\\/wp-content\\\/uploads\\\/2023\\\/04\\\/mario_diamond_headshot05-683x1024.jpg\"},{\"@type\":\"BreadcrumbList\",\"@id\":\"https:\\\/\\\/www.mimemario.com\\\/en\\\/resume\\\/#breadcrumb\",\"itemListElement\":[{\"@type\":\"ListItem\",\"position\":1,\"name\":\"Accueil\",\"item\":\"https:\\\/\\\/www.mimemario.com\\\/en\\\/\"},{\"@type\":\"ListItem\",\"position\":2,\"name\":\"Resume\"}]},{\"@type\":\"WebSite\",\"@id\":\"https:\\\/\\\/www.mimemario.com\\\/#website\",\"url\":\"https:\\\/\\\/www.mimemario.com\\\/\",\"name\":\"Mime Mario\",\"description\":\"Mime, Circus artist and street performer.\",\"publisher\":{\"@id\":\"https:\\\/\\\/www.mimemario.com\\\/#\\\/schema\\\/person\\\/37d82a91b8faadcf8863ff117ac2ce22\"},\"potentialAction\":[{\"@type\":\"SearchAction\",\"target\":{\"@type\":\"EntryPoint\",\"urlTemplate\":\"https:\\\/\\\/www.mimemario.com\\\/?s={search_term_string}\"},\"query-input\":{\"@type\":\"PropertyValueSpecification\",\"valueRequired\":true,\"valueName\":\"search_term_string\"}}],\"inLanguage\":\"en-US\"},{\"@type\":[\"Person\",\"Organization\"],\"@id\":\"https:\\\/\\\/www.mimemario.com\\\/#\\\/schema\\\/person\\\/37d82a91b8faadcf8863ff117ac2ce22\",\"name\":\"Mario Diamond\",\"image\":{\"@type\":\"ImageObject\",\"inLanguage\":\"en-US\",\"@id\":\"https:\\\/\\\/www.mimemario.com\\\/wp-content\\\/uploads\\\/2023\\\/04\\\/logo-mimemario.jpg\",\"url\":\"https:\\\/\\\/www.mimemario.com\\\/wp-content\\\/uploads\\\/2023\\\/04\\\/logo-mimemario.jpg\",\"contentUrl\":\"https:\\\/\\\/www.mimemario.com\\\/wp-content\\\/uploads\\\/2023\\\/04\\\/logo-mimemario.jpg\",\"width\":130,\"height\":92,\"caption\":\"Mario Diamond\"},\"logo\":{\"@id\":\"https:\\\/\\\/www.mimemario.com\\\/wp-content\\\/uploads\\\/2023\\\/04\\\/logo-mimemario.jpg\"},\"description\":\"Mario Diamond N\u00e9 en 1958, \u00e0 Louiseville, Qu\u00e9bec, Canada, il d\u00e9couvre le mime lors de ses \u00e9tudes en litt\u00e9rature au Cegep. En 1976, Mario donne son premier spectacle. \u00c0 ce jour, le mime a donn\u00e9 plus de 9000 repr\u00e9sentations en Europe, en Asie, en Am\u00e9rique du nord et du sud, a jou\u00e9 \u00e0 la t\u00e9l\u00e9vision et au cin\u00e9ma. Avec son langage international, il s\u2019adresse \u00e0 un auditoire vari\u00e9, de l\u2019enfant \u00e0 l\u2019adulte d\u2019\u00e2ge m\u00fbr et partout sur la plan\u00e8te.\",\"sameAs\":[\"http:\\\/\\\/mimemario.com\",\"https:\\\/\\\/www.facebook.com\\\/mario.diamond.5\",\"https:\\\/\\\/www.youtube.com\\\/@mariodiamond2450\"]}]}<\/script>\n<!-- \/ Yoast SEO plugin. -->","yoast_head_json":{"title":"Mime Mario | Mario Diamond, renowned multidisciplinary artist.","description":"Discover the career of Mario Diamond, mime since 1976 and renowned multidisciplinary artist around the world. 10000 performances!","robots":{"index":"index","follow":"follow","max-snippet":"max-snippet:-1","max-image-preview":"max-image-preview:large","max-video-preview":"max-video-preview:-1"},"canonical":"https:\/\/www.mimemario.com\/en\/resume\/","og_locale":"en_US","og_type":"article","og_title":"Mime Mario | Mario Diamond, renowned multidisciplinary artist.","og_description":"Discover the career of Mario Diamond, mime since 1976 and renowned multidisciplinary artist around the world. 10000 performances!","og_url":"https:\/\/www.mimemario.com\/en\/resume\/","og_site_name":"Mime Mario","article_publisher":"https:\/\/www.facebook.com\/mario.diamond.5","article_modified_time":"2023-04-24T15:29:12+00:00","og_image":[{"url":"https:\/\/www.mimemario.com\/wp-content\/uploads\/2023\/04\/mario_diamond_headshot05-683x1024.jpg","type":"","width":"","height":""}],"twitter_card":"summary_large_image","schema":{"@context":"https:\/\/schema.org","@graph":[{"@type":"WebPage","@id":"https:\/\/www.mimemario.com\/en\/resume\/","url":"https:\/\/www.mimemario.com\/en\/resume\/","name":"Mime Mario | Mario Diamond, renowned multidisciplinary artist.","isPartOf":{"@id":"https:\/\/www.mimemario.com\/#website"},"primaryImageOfPage":{"@id":"https:\/\/www.mimemario.com\/en\/resume\/#primaryimage"},"image":{"@id":"https:\/\/www.mimemario.com\/en\/resume\/#primaryimage"},"thumbnailUrl":"https:\/\/www.mimemario.com\/wp-content\/uploads\/2023\/04\/mario_diamond_headshot05-683x1024.jpg","datePublished":"2014-03-04T23:17:39+00:00","dateModified":"2023-04-24T15:29:12+00:00","description":"Discover the career of Mario Diamond, mime since 1976 and renowned multidisciplinary artist around the world. 10000 performances!","breadcrumb":{"@id":"https:\/\/www.mimemario.com\/en\/resume\/#breadcrumb"},"inLanguage":"en-US","potentialAction":[{"@type":"ReadAction","target":["https:\/\/www.mimemario.com\/en\/resume\/"]}]},{"@type":"ImageObject","inLanguage":"en-US","@id":"https:\/\/www.mimemario.com\/en\/resume\/#primaryimage","url":"https:\/\/www.mimemario.com\/wp-content\/uploads\/2023\/04\/mario_diamond_headshot05-683x1024.jpg","contentUrl":"https:\/\/www.mimemario.com\/wp-content\/uploads\/2023\/04\/mario_diamond_headshot05-683x1024.jpg"},{"@type":"BreadcrumbList","@id":"https:\/\/www.mimemario.com\/en\/resume\/#breadcrumb","itemListElement":[{"@type":"ListItem","position":1,"name":"Accueil","item":"https:\/\/www.mimemario.com\/en\/"},{"@type":"ListItem","position":2,"name":"Resume"}]},{"@type":"WebSite","@id":"https:\/\/www.mimemario.com\/#website","url":"https:\/\/www.mimemario.com\/","name":"Mime Mario","description":"Mime, Circus artist and street performer.","publisher":{"@id":"https:\/\/www.mimemario.com\/#\/schema\/person\/37d82a91b8faadcf8863ff117ac2ce22"},"potentialAction":[{"@type":"SearchAction","target":{"@type":"EntryPoint","urlTemplate":"https:\/\/www.mimemario.com\/?s={search_term_string}"},"query-input":{"@type":"PropertyValueSpecification","valueRequired":true,"valueName":"search_term_string"}}],"inLanguage":"en-US"},{"@type":["Person","Organization"],"@id":"https:\/\/www.mimemario.com\/#\/schema\/person\/37d82a91b8faadcf8863ff117ac2ce22","name":"Mario Diamond","image":{"@type":"ImageObject","inLanguage":"en-US","@id":"https:\/\/www.mimemario.com\/wp-content\/uploads\/2023\/04\/logo-mimemario.jpg","url":"https:\/\/www.mimemario.com\/wp-content\/uploads\/2023\/04\/logo-mimemario.jpg","contentUrl":"https:\/\/www.mimemario.com\/wp-content\/uploads\/2023\/04\/logo-mimemario.jpg","width":130,"height":92,"caption":"Mario Diamond"},"logo":{"@id":"https:\/\/www.mimemario.com\/wp-content\/uploads\/2023\/04\/logo-mimemario.jpg"},"description":"Mario Diamond N\u00e9 en 1958, \u00e0 Louiseville, Qu\u00e9bec, Canada, il d\u00e9couvre le mime lors de ses \u00e9tudes en litt\u00e9rature au Cegep. En 1976, Mario donne son premier spectacle. \u00c0 ce jour, le mime a donn\u00e9 plus de 9000 repr\u00e9sentations en Europe, en Asie, en Am\u00e9rique du nord et du sud, a jou\u00e9 \u00e0 la t\u00e9l\u00e9vision et au cin\u00e9ma. Avec son langage international, il s\u2019adresse \u00e0 un auditoire vari\u00e9, de l\u2019enfant \u00e0 l\u2019adulte d\u2019\u00e2ge m\u00fbr et partout sur la plan\u00e8te.","sameAs":["http:\/\/mimemario.com","https:\/\/www.facebook.com\/mario.diamond.5","https:\/\/www.youtube.com\/@mariodiamond2450"]}]}},"_links":{"self":[{"href":"https:\/\/www.mimemario.com\/en\/wp-json\/wp\/v2\/pages\/209","targetHints":{"allow":["GET"]}}],"collection":[{"href":"https:\/\/www.mimemario.com\/en\/wp-json\/wp\/v2\/pages"}],"about":[{"href":"https:\/\/www.mimemario.com\/en\/wp-json\/wp\/v2\/types\/page"}],"author":[{"embeddable":true,"href":"https:\/\/www.mimemario.com\/en\/wp-json\/wp\/v2\/users\/1"}],"replies":[{"embeddable":true,"href":"https:\/\/www.mimemario.com\/en\/wp-json\/wp\/v2\/comments?post=209"}],"version-history":[{"count":35,"href":"https:\/\/www.mimemario.com\/en\/wp-json\/wp\/v2\/pages\/209\/revisions"}],"predecessor-version":[{"id":1525,"href":"https:\/\/www.mimemario.com\/en\/wp-json\/wp\/v2\/pages\/209\/revisions\/1525"}],"wp:attachment":[{"href":"https:\/\/www.mimemario.com\/en\/wp-json\/wp\/v2\/media?parent=209"}],"curies":[{"name":"wp","href":"https:\/\/api.w.org\/{rel}","templated":true}]}}