{"id":211,"date":"2014-03-04T18:18:14","date_gmt":"2014-03-04T23:18:14","guid":{"rendered":"http:\/\/www.mimemario.com\/?page_id=211"},"modified":"2023-04-24T11:35:54","modified_gmt":"2023-04-24T15:35:54","slug":"contact","status":"publish","type":"page","link":"https:\/\/www.mimemario.com\/en\/contact\/","title":{"rendered":"Contact"},"content":{"rendered":"\t\t<div data-elementor-type=\"wp-page\" data-elementor-id=\"211\" class=\"elementor elementor-211 elementor-26\" data-elementor-post-type=\"page\">\n\t\t\t\t\t\t<section class=\"elementor-section elementor-top-section elementor-element elementor-element-28590159 elementor-section-boxed elementor-section-height-default elementor-section-height-default\" data-id=\"28590159\" data-element_type=\"section\" data-e-type=\"section\">\n\t\t\t\t\t\t<div class=\"elementor-container elementor-column-gap-default\">\n\t\t\t\t\t<div class=\"elementor-column elementor-col-100 elementor-top-column elementor-element elementor-element-59493c4c\" data-id=\"59493c4c\" data-element_type=\"column\" data-e-type=\"column\">\n\t\t\t<div class=\"elementor-widget-wrap elementor-element-populated\">\n\t\t\t\t\t\t<div class=\"elementor-element elementor-element-2debbaf6 elementor-widget elementor-widget-heading\" data-id=\"2debbaf6\" data-element_type=\"widget\" data-e-type=\"widget\" data-widget_type=\"heading.default\">\n\t\t\t\t<div class=\"elementor-widget-container\">\n\t\t\t\t\t<h2 class=\"elementor-heading-title elementor-size-default\">Contact<\/h2>\t\t\t\t<\/div>\n\t\t\t\t<\/div>\n\t\t\t\t\t<\/div>\n\t\t<\/div>\n\t\t\t\t\t<\/div>\n\t\t<\/section>\n\t\t\t\t<section class=\"elementor-section elementor-top-section elementor-element elementor-element-55d53463 elementor-reverse-mobile elementor-section-boxed elementor-section-height-default elementor-section-height-default\" data-id=\"55d53463\" data-element_type=\"section\" data-e-type=\"section\">\n\t\t\t\t\t\t<div class=\"elementor-container elementor-column-gap-default\">\n\t\t\t\t\t<div class=\"elementor-column elementor-col-33 elementor-top-column elementor-element elementor-element-402894b\" data-id=\"402894b\" data-element_type=\"column\" data-e-type=\"column\">\n\t\t\t<div class=\"elementor-widget-wrap elementor-element-populated\">\n\t\t\t\t\t\t<div class=\"elementor-element elementor-element-26e32126 elementor-widget elementor-widget-shortcode\" data-id=\"26e32126\" data-element_type=\"widget\" data-e-type=\"widget\" data-widget_type=\"shortcode.default\">\n\t\t\t\t<div class=\"elementor-widget-container\">\n\t\t\t\t\t\t\t<div class=\"elementor-shortcode\">\n<div class=\"wpcf7 no-js\" id=\"wpcf7-f276-o1\" lang=\"en-US\" dir=\"ltr\" data-wpcf7-id=\"276\">\n<div class=\"screen-reader-response\"><p role=\"status\" aria-live=\"polite\" aria-atomic=\"true\"><\/p> <ul><\/ul><\/div>\n<form action=\"\/en\/wp-json\/wp\/v2\/pages\/211#wpcf7-f276-o1\" method=\"post\" class=\"wpcf7-form init\" aria-label=\"Contact form\" novalidate=\"novalidate\" data-status=\"init\">\n<fieldset class=\"hidden-fields-container\"><input type=\"hidden\" name=\"_wpcf7\" value=\"276\" \/><input type=\"hidden\" name=\"_wpcf7_version\" value=\"6.1.5\" \/><input type=\"hidden\" name=\"_wpcf7_locale\" value=\"en_US\" \/><input type=\"hidden\" name=\"_wpcf7_unit_tag\" value=\"wpcf7-f276-o1\" \/><input type=\"hidden\" name=\"_wpcf7_container_post\" value=\"0\" \/><input type=\"hidden\" name=\"_wpcf7_posted_data_hash\" value=\"\" \/><input type=\"hidden\" name=\"_wpcf7_recaptcha_response\" value=\"\" \/>\n<\/fieldset>\n<p>Your Name (required)\n<\/p>\n<p><span class=\"wpcf7-form-control-wrap\" data-name=\"your-name\"><input size=\"40\" maxlength=\"400\" class=\"wpcf7-form-control wpcf7-text wpcf7-validates-as-required\" aria-required=\"true\" aria-invalid=\"false\" value=\"\" type=\"text\" name=\"your-name\" \/><\/span>\n<\/p>\n<p>Your Email (required)\n<\/p>\n<p><span class=\"wpcf7-form-control-wrap\" data-name=\"your-email\"><input size=\"40\" maxlength=\"400\" class=\"wpcf7-form-control wpcf7-email wpcf7-validates-as-required wpcf7-text wpcf7-validates-as-email\" aria-required=\"true\" aria-invalid=\"false\" value=\"\" type=\"email\" name=\"your-email\" \/><\/span>\n<\/p>\n<p>Subject\n<\/p>\n<p><span class=\"wpcf7-form-control-wrap\" data-name=\"your-subject\"><input size=\"40\" maxlength=\"400\" class=\"wpcf7-form-control wpcf7-text\" aria-invalid=\"false\" value=\"\" type=\"text\" name=\"your-subject\" \/><\/span>\n<\/p>\n<p>Your Message\n<\/p>\n<p><span class=\"wpcf7-form-control-wrap\" data-name=\"your-message\"><textarea cols=\"40\" rows=\"10\" maxlength=\"2000\" class=\"wpcf7-form-control wpcf7-textarea\" aria-invalid=\"false\" name=\"your-message\"><\/textarea><\/span>\n<\/p>\n<span class=\"wpcf7-form-control-wrap recaptcha\" data-name=\"recaptcha\"><span data-sitekey=\"6LdcUjweAAAAAIte6jrBAFzFC-9QxfL9-zuJLKTm\" class=\"wpcf7-form-control wpcf7-recaptcha g-recaptcha\"><\/span>\r\n<noscript>\r\n\t<div class=\"grecaptcha-noscript\">\r\n\t\t<iframe src=\"https:\/\/www.google.com\/recaptcha\/api\/fallback?k=6LdcUjweAAAAAIte6jrBAFzFC-9QxfL9-zuJLKTm\" frameborder=\"0\" scrolling=\"no\" width=\"310\" height=\"430\">\r\n\t\t<\/iframe>\r\n\t\t<textarea name=\"g-recaptcha-response\" rows=\"3\" cols=\"40\" placeholder=\"reCaptcha Response Here\">\r\n\t\t<\/textarea>\r\n\t<\/div>\r\n<\/noscript>\r\n<\/span>\n<p><input class=\"wpcf7-form-control wpcf7-submit has-spinner\" type=\"submit\" value=\"Send\" \/>\n<\/p><div class=\"wpcf7-response-output\" aria-hidden=\"true\"><\/div>\n<\/form>\n<\/div>\n<\/div>\n\t\t\t\t\t\t<\/div>\n\t\t\t\t<\/div>\n\t\t\t\t\t<\/div>\n\t\t<\/div>\n\t\t\t\t<div class=\"elementor-column elementor-col-33 elementor-top-column elementor-element elementor-element-548b3e58\" data-id=\"548b3e58\" data-element_type=\"column\" data-e-type=\"column\">\n\t\t\t<div class=\"elementor-widget-wrap elementor-element-populated\">\n\t\t\t\t\t\t<div class=\"elementor-element elementor-element-68b06654 elementor-widget elementor-widget-image\" data-id=\"68b06654\" data-element_type=\"widget\" data-e-type=\"widget\" data-widget_type=\"image.default\">\n\t\t\t\t<div class=\"elementor-widget-container\">\n\t\t\t\t\t\t\t\t\t\t\t\t\t\t\t<img fetchpriority=\"high\" decoding=\"async\" width=\"311\" height=\"530\" src=\"https:\/\/www.mimemario.com\/wp-content\/uploads\/2014\/02\/contactfrancais1.jpg.jpg\" class=\"attachment-large size-large wp-image-109\" alt=\"\" srcset=\"https:\/\/www.mimemario.com\/wp-content\/uploads\/2014\/02\/contactfrancais1.jpg.jpg 311w, https:\/\/www.mimemario.com\/wp-content\/uploads\/2014\/02\/contactfrancais1.jpg-176x300.jpg 176w, https:\/\/www.mimemario.com\/wp-content\/uploads\/2014\/02\/contactfrancais1.jpg-100x170.jpg 100w, https:\/\/www.mimemario.com\/wp-content\/uploads\/2014\/02\/contactfrancais1.jpg-150x255.jpg 150w, https:\/\/www.mimemario.com\/wp-content\/uploads\/2014\/02\/contactfrancais1.jpg-200x340.jpg 200w, https:\/\/www.mimemario.com\/wp-content\/uploads\/2014\/02\/contactfrancais1.jpg-300x511.jpg 300w\" sizes=\"(max-width: 311px) 100vw, 311px\" \/>\t\t\t\t\t\t\t\t\t\t\t\t\t\t\t<\/div>\n\t\t\t\t<\/div>\n\t\t\t\t\t<\/div>\n\t\t<\/div>\n\t\t\t\t<div class=\"elementor-column elementor-col-33 elementor-top-column elementor-element elementor-element-2d1d59f1\" data-id=\"2d1d59f1\" data-element_type=\"column\" data-e-type=\"column\">\n\t\t\t<div class=\"elementor-widget-wrap elementor-element-populated\">\n\t\t\t\t\t\t<div class=\"elementor-element elementor-element-758c4c78 elementor-widget elementor-widget-text-editor\" data-id=\"758c4c78\" data-element_type=\"widget\" data-e-type=\"widget\" data-widget_type=\"text-editor.default\">\n\t\t\t\t<div class=\"elementor-widget-container\">\n\t\t\t\t\t\t\t\t\t<p>Mario Diamond<\/p>\t\t\t\t\t\t\t\t<\/div>\n\t\t\t\t<\/div>\n\t\t\t\t<div class=\"elementor-element elementor-element-75a81405 elementor-widget elementor-widget-text-editor\" data-id=\"75a81405\" data-element_type=\"widget\" data-e-type=\"widget\" data-widget_type=\"text-editor.default\">\n\t\t\t\t<div class=\"elementor-widget-container\">\n\t\t\t\t\t\t\t\t\t<p>1152, chemin du Lac Mandeville, Mandeville<br \/>Qu\u00e9bec, Canada<br \/>J0K 1L0<\/p>\t\t\t\t\t\t\t\t<\/div>\n\t\t\t\t<\/div>\n\t\t\t\t<div class=\"elementor-element elementor-element-2d38e291 elementor-widget elementor-widget-text-editor\" data-id=\"2d38e291\" data-element_type=\"widget\" data-e-type=\"widget\" data-widget_type=\"text-editor.default\">\n\t\t\t\t<div class=\"elementor-widget-container\">\n\t\t\t\t\t\t\t\t\t<p>Phone : <a href=\"tel:5144656514\">514.465.6514<\/a><br \/>Email : <a href=\"&#109;a&#105;l&#116;o&#x3a;m&#x61;r&#x69;o&#x40;m&#x69;m&#x65;m&#x61;r&#x69;o&#x2e;c&#x6f;&#109;\">&#x6d;&#x61;&#x72;&#105;&#111;&#64;m&#x69;&#x6d;&#x65;&#x6d;&#97;&#114;io&#x2e;&#x63;&#x6f;&#109;<\/a><\/p>\t\t\t\t\t\t\t\t<\/div>\n\t\t\t\t<\/div>\n\t\t\t\t\t<\/div>\n\t\t<\/div>\n\t\t\t\t\t<\/div>\n\t\t<\/section>\n\t\t\t\t<\/div>\n\t\t","protected":false},"excerpt":{"rendered":"<p>Contact Mario Diamond 1152, chemin du Lac Mandeville, Mandeville Qu\u00e9bec, Canada J0K 1L0 Phone : 514.465.6514 Email : &#x6d;&#x61;&#114;&#105;o&#x40;&#x6d;&#x69;&#109;&#101;m&#x61;&#x72;&#x69;&#111;&#46;c&#x6f;&#x6d;<\/p>\n","protected":false},"author":1,"featured_media":0,"parent":0,"menu_order":100,"comment_status":"closed","ping_status":"open","template":"","meta":{"_monsterinsights_skip_tracking":false,"_monsterinsights_sitenote_active":false,"_monsterinsights_sitenote_note":"","_monsterinsights_sitenote_category":0,"footnotes":""},"class_list":["post-211","page","type-page","status-publish","hentry"],"yoast_head":"<!-- This site is optimized with the Yoast SEO plugin v27.4 - https:\/\/yoast.com\/product\/yoast-seo-wordpress\/ -->\n<title>Mime Mario | To contact Mario Diamond by message or directly.<\/title>\n<meta name=\"description\" content=\"Contact page of Mario Diamond. Send a message or an email directly to Mario Diamond.\" \/>\n<meta name=\"robots\" content=\"index, follow, max-snippet:-1, max-image-preview:large, max-video-preview:-1\" \/>\n<link rel=\"canonical\" href=\"https:\/\/www.mimemario.com\/en\/contact\/\" \/>\n<meta property=\"og:locale\" content=\"en_US\" \/>\n<meta property=\"og:type\" content=\"article\" \/>\n<meta property=\"og:title\" content=\"Mime Mario | To contact Mario Diamond by message or directly.\" \/>\n<meta property=\"og:description\" content=\"Contact page of Mario Diamond. Send a message or an email directly to Mario Diamond.\" \/>\n<meta property=\"og:url\" content=\"https:\/\/www.mimemario.com\/en\/contact\/\" \/>\n<meta property=\"og:site_name\" content=\"Mime Mario\" \/>\n<meta property=\"article:publisher\" content=\"https:\/\/www.facebook.com\/mario.diamond.5\" \/>\n<meta property=\"article:modified_time\" content=\"2023-04-24T15:35:54+00:00\" \/>\n<meta property=\"og:image\" content=\"https:\/\/www.mimemario.com\/wp-content\/uploads\/2014\/02\/contactfrancais1.jpg.jpg\" \/>\n<meta name=\"twitter:card\" content=\"summary_large_image\" \/>\n<script type=\"application\/ld+json\" class=\"yoast-schema-graph\">{\"@context\":\"https:\\\/\\\/schema.org\",\"@graph\":[{\"@type\":\"WebPage\",\"@id\":\"https:\\\/\\\/www.mimemario.com\\\/en\\\/contact\\\/\",\"url\":\"https:\\\/\\\/www.mimemario.com\\\/en\\\/contact\\\/\",\"name\":\"Mime Mario | To contact Mario Diamond by message or directly.\",\"isPartOf\":{\"@id\":\"https:\\\/\\\/www.mimemario.com\\\/#website\"},\"primaryImageOfPage\":{\"@id\":\"https:\\\/\\\/www.mimemario.com\\\/en\\\/contact\\\/#primaryimage\"},\"image\":{\"@id\":\"https:\\\/\\\/www.mimemario.com\\\/en\\\/contact\\\/#primaryimage\"},\"thumbnailUrl\":\"https:\\\/\\\/www.mimemario.com\\\/wp-content\\\/uploads\\\/2014\\\/02\\\/contactfrancais1.jpg.jpg\",\"datePublished\":\"2014-03-04T23:18:14+00:00\",\"dateModified\":\"2023-04-24T15:35:54+00:00\",\"description\":\"Contact page of Mario Diamond. Send a message or an email directly to Mario Diamond.\",\"breadcrumb\":{\"@id\":\"https:\\\/\\\/www.mimemario.com\\\/en\\\/contact\\\/#breadcrumb\"},\"inLanguage\":\"en-US\",\"potentialAction\":[{\"@type\":\"ReadAction\",\"target\":[\"https:\\\/\\\/www.mimemario.com\\\/en\\\/contact\\\/\"]}]},{\"@type\":\"ImageObject\",\"inLanguage\":\"en-US\",\"@id\":\"https:\\\/\\\/www.mimemario.com\\\/en\\\/contact\\\/#primaryimage\",\"url\":\"https:\\\/\\\/www.mimemario.com\\\/wp-content\\\/uploads\\\/2014\\\/02\\\/contactfrancais1.jpg.jpg\",\"contentUrl\":\"https:\\\/\\\/www.mimemario.com\\\/wp-content\\\/uploads\\\/2014\\\/02\\\/contactfrancais1.jpg.jpg\"},{\"@type\":\"BreadcrumbList\",\"@id\":\"https:\\\/\\\/www.mimemario.com\\\/en\\\/contact\\\/#breadcrumb\",\"itemListElement\":[{\"@type\":\"ListItem\",\"position\":1,\"name\":\"Accueil\",\"item\":\"https:\\\/\\\/www.mimemario.com\\\/en\\\/\"},{\"@type\":\"ListItem\",\"position\":2,\"name\":\"Contact\"}]},{\"@type\":\"WebSite\",\"@id\":\"https:\\\/\\\/www.mimemario.com\\\/#website\",\"url\":\"https:\\\/\\\/www.mimemario.com\\\/\",\"name\":\"Mime Mario\",\"description\":\"Mime, Circus artist and street performer.\",\"publisher\":{\"@id\":\"https:\\\/\\\/www.mimemario.com\\\/#\\\/schema\\\/person\\\/37d82a91b8faadcf8863ff117ac2ce22\"},\"potentialAction\":[{\"@type\":\"SearchAction\",\"target\":{\"@type\":\"EntryPoint\",\"urlTemplate\":\"https:\\\/\\\/www.mimemario.com\\\/?s={search_term_string}\"},\"query-input\":{\"@type\":\"PropertyValueSpecification\",\"valueRequired\":true,\"valueName\":\"search_term_string\"}}],\"inLanguage\":\"en-US\"},{\"@type\":[\"Person\",\"Organization\"],\"@id\":\"https:\\\/\\\/www.mimemario.com\\\/#\\\/schema\\\/person\\\/37d82a91b8faadcf8863ff117ac2ce22\",\"name\":\"Mario Diamond\",\"image\":{\"@type\":\"ImageObject\",\"inLanguage\":\"en-US\",\"@id\":\"https:\\\/\\\/www.mimemario.com\\\/wp-content\\\/uploads\\\/2023\\\/04\\\/logo-mimemario.jpg\",\"url\":\"https:\\\/\\\/www.mimemario.com\\\/wp-content\\\/uploads\\\/2023\\\/04\\\/logo-mimemario.jpg\",\"contentUrl\":\"https:\\\/\\\/www.mimemario.com\\\/wp-content\\\/uploads\\\/2023\\\/04\\\/logo-mimemario.jpg\",\"width\":130,\"height\":92,\"caption\":\"Mario Diamond\"},\"logo\":{\"@id\":\"https:\\\/\\\/www.mimemario.com\\\/wp-content\\\/uploads\\\/2023\\\/04\\\/logo-mimemario.jpg\"},\"description\":\"Mario Diamond N\u00e9 en 1958, \u00e0 Louiseville, Qu\u00e9bec, Canada, il d\u00e9couvre le mime lors de ses \u00e9tudes en litt\u00e9rature au Cegep. En 1976, Mario donne son premier spectacle. \u00c0 ce jour, le mime a donn\u00e9 plus de 9000 repr\u00e9sentations en Europe, en Asie, en Am\u00e9rique du nord et du sud, a jou\u00e9 \u00e0 la t\u00e9l\u00e9vision et au cin\u00e9ma. Avec son langage international, il s\u2019adresse \u00e0 un auditoire vari\u00e9, de l\u2019enfant \u00e0 l\u2019adulte d\u2019\u00e2ge m\u00fbr et partout sur la plan\u00e8te.\",\"sameAs\":[\"http:\\\/\\\/mimemario.com\",\"https:\\\/\\\/www.facebook.com\\\/mario.diamond.5\",\"https:\\\/\\\/www.youtube.com\\\/@mariodiamond2450\"]}]}<\/script>\n<!-- \/ Yoast SEO plugin. -->","yoast_head_json":{"title":"Mime Mario | To contact Mario Diamond by message or directly.","description":"Contact page of Mario Diamond. Send a message or an email directly to Mario Diamond.","robots":{"index":"index","follow":"follow","max-snippet":"max-snippet:-1","max-image-preview":"max-image-preview:large","max-video-preview":"max-video-preview:-1"},"canonical":"https:\/\/www.mimemario.com\/en\/contact\/","og_locale":"en_US","og_type":"article","og_title":"Mime Mario | To contact Mario Diamond by message or directly.","og_description":"Contact page of Mario Diamond. Send a message or an email directly to Mario Diamond.","og_url":"https:\/\/www.mimemario.com\/en\/contact\/","og_site_name":"Mime Mario","article_publisher":"https:\/\/www.facebook.com\/mario.diamond.5","article_modified_time":"2023-04-24T15:35:54+00:00","og_image":[{"url":"https:\/\/www.mimemario.com\/wp-content\/uploads\/2014\/02\/contactfrancais1.jpg.jpg","type":"","width":"","height":""}],"twitter_card":"summary_large_image","schema":{"@context":"https:\/\/schema.org","@graph":[{"@type":"WebPage","@id":"https:\/\/www.mimemario.com\/en\/contact\/","url":"https:\/\/www.mimemario.com\/en\/contact\/","name":"Mime Mario | To contact Mario Diamond by message or directly.","isPartOf":{"@id":"https:\/\/www.mimemario.com\/#website"},"primaryImageOfPage":{"@id":"https:\/\/www.mimemario.com\/en\/contact\/#primaryimage"},"image":{"@id":"https:\/\/www.mimemario.com\/en\/contact\/#primaryimage"},"thumbnailUrl":"https:\/\/www.mimemario.com\/wp-content\/uploads\/2014\/02\/contactfrancais1.jpg.jpg","datePublished":"2014-03-04T23:18:14+00:00","dateModified":"2023-04-24T15:35:54+00:00","description":"Contact page of Mario Diamond. Send a message or an email directly to Mario Diamond.","breadcrumb":{"@id":"https:\/\/www.mimemario.com\/en\/contact\/#breadcrumb"},"inLanguage":"en-US","potentialAction":[{"@type":"ReadAction","target":["https:\/\/www.mimemario.com\/en\/contact\/"]}]},{"@type":"ImageObject","inLanguage":"en-US","@id":"https:\/\/www.mimemario.com\/en\/contact\/#primaryimage","url":"https:\/\/www.mimemario.com\/wp-content\/uploads\/2014\/02\/contactfrancais1.jpg.jpg","contentUrl":"https:\/\/www.mimemario.com\/wp-content\/uploads\/2014\/02\/contactfrancais1.jpg.jpg"},{"@type":"BreadcrumbList","@id":"https:\/\/www.mimemario.com\/en\/contact\/#breadcrumb","itemListElement":[{"@type":"ListItem","position":1,"name":"Accueil","item":"https:\/\/www.mimemario.com\/en\/"},{"@type":"ListItem","position":2,"name":"Contact"}]},{"@type":"WebSite","@id":"https:\/\/www.mimemario.com\/#website","url":"https:\/\/www.mimemario.com\/","name":"Mime Mario","description":"Mime, Circus artist and street performer.","publisher":{"@id":"https:\/\/www.mimemario.com\/#\/schema\/person\/37d82a91b8faadcf8863ff117ac2ce22"},"potentialAction":[{"@type":"SearchAction","target":{"@type":"EntryPoint","urlTemplate":"https:\/\/www.mimemario.com\/?s={search_term_string}"},"query-input":{"@type":"PropertyValueSpecification","valueRequired":true,"valueName":"search_term_string"}}],"inLanguage":"en-US"},{"@type":["Person","Organization"],"@id":"https:\/\/www.mimemario.com\/#\/schema\/person\/37d82a91b8faadcf8863ff117ac2ce22","name":"Mario Diamond","image":{"@type":"ImageObject","inLanguage":"en-US","@id":"https:\/\/www.mimemario.com\/wp-content\/uploads\/2023\/04\/logo-mimemario.jpg","url":"https:\/\/www.mimemario.com\/wp-content\/uploads\/2023\/04\/logo-mimemario.jpg","contentUrl":"https:\/\/www.mimemario.com\/wp-content\/uploads\/2023\/04\/logo-mimemario.jpg","width":130,"height":92,"caption":"Mario Diamond"},"logo":{"@id":"https:\/\/www.mimemario.com\/wp-content\/uploads\/2023\/04\/logo-mimemario.jpg"},"description":"Mario Diamond N\u00e9 en 1958, \u00e0 Louiseville, Qu\u00e9bec, Canada, il d\u00e9couvre le mime lors de ses \u00e9tudes en litt\u00e9rature au Cegep. En 1976, Mario donne son premier spectacle. \u00c0 ce jour, le mime a donn\u00e9 plus de 9000 repr\u00e9sentations en Europe, en Asie, en Am\u00e9rique du nord et du sud, a jou\u00e9 \u00e0 la t\u00e9l\u00e9vision et au cin\u00e9ma. Avec son langage international, il s\u2019adresse \u00e0 un auditoire vari\u00e9, de l\u2019enfant \u00e0 l\u2019adulte d\u2019\u00e2ge m\u00fbr et partout sur la plan\u00e8te.","sameAs":["http:\/\/mimemario.com","https:\/\/www.facebook.com\/mario.diamond.5","https:\/\/www.youtube.com\/@mariodiamond2450"]}]}},"_links":{"self":[{"href":"https:\/\/www.mimemario.com\/en\/wp-json\/wp\/v2\/pages\/211","targetHints":{"allow":["GET"]}}],"collection":[{"href":"https:\/\/www.mimemario.com\/en\/wp-json\/wp\/v2\/pages"}],"about":[{"href":"https:\/\/www.mimemario.com\/en\/wp-json\/wp\/v2\/types\/page"}],"author":[{"embeddable":true,"href":"https:\/\/www.mimemario.com\/en\/wp-json\/wp\/v2\/users\/1"}],"replies":[{"embeddable":true,"href":"https:\/\/www.mimemario.com\/en\/wp-json\/wp\/v2\/comments?post=211"}],"version-history":[{"count":15,"href":"https:\/\/www.mimemario.com\/en\/wp-json\/wp\/v2\/pages\/211\/revisions"}],"predecessor-version":[{"id":1527,"href":"https:\/\/www.mimemario.com\/en\/wp-json\/wp\/v2\/pages\/211\/revisions\/1527"}],"wp:attachment":[{"href":"https:\/\/www.mimemario.com\/en\/wp-json\/wp\/v2\/media?parent=211"}],"curies":[{"name":"wp","href":"https:\/\/api.w.org\/{rel}","templated":true}]}}