{"id":380,"date":"2021-09-01T21:53:50","date_gmt":"2021-09-02T01:53:50","guid":{"rendered":"https:\/\/www.mimemario.com\/livre\/"},"modified":"2023-04-24T11:17:16","modified_gmt":"2023-04-24T15:17:16","slug":"book","status":"publish","type":"page","link":"https:\/\/www.mimemario.com\/en\/book\/","title":{"rendered":"Book"},"content":{"rendered":"\t\t<div data-elementor-type=\"wp-page\" data-elementor-id=\"380\" class=\"elementor elementor-380 elementor-357\" data-elementor-post-type=\"page\">\n\t\t\t\t\t\t<section class=\"elementor-section elementor-top-section elementor-element elementor-element-220ed921 elementor-section-boxed elementor-section-height-default elementor-section-height-default\" data-id=\"220ed921\" data-element_type=\"section\" data-e-type=\"section\">\n\t\t\t\t\t\t<div class=\"elementor-container elementor-column-gap-default\">\n\t\t\t\t\t<div class=\"elementor-column elementor-col-50 elementor-top-column elementor-element elementor-element-61c0ed65\" data-id=\"61c0ed65\" data-element_type=\"column\" data-e-type=\"column\">\n\t\t\t<div class=\"elementor-widget-wrap elementor-element-populated\">\n\t\t\t\t\t\t<div class=\"elementor-element elementor-element-3b7ca2f9 elementor-widget elementor-widget-heading\" data-id=\"3b7ca2f9\" data-element_type=\"widget\" data-e-type=\"widget\" data-widget_type=\"heading.default\">\n\t\t\t\t<div class=\"elementor-widget-container\">\n\t\t\t\t\t<h2 class=\"elementor-heading-title elementor-size-default\">Book<\/h2>\t\t\t\t<\/div>\n\t\t\t\t<\/div>\n\t\t\t\t<div class=\"elementor-element elementor-element-2444dea9 elementor-widget elementor-widget-text-editor\" data-id=\"2444dea9\" data-element_type=\"widget\" data-e-type=\"widget\" data-widget_type=\"text-editor.default\">\n\t\t\t\t<div class=\"elementor-widget-container\">\n\t\t\t\t\t\t\t\t\t<p>Description<br \/>Body Talk Basic Mime<\/p>\t\t\t\t\t\t\t\t<\/div>\n\t\t\t\t<\/div>\n\t\t\t\t<div class=\"elementor-element elementor-element-27a4d2da elementor-widget elementor-widget-text-editor\" data-id=\"27a4d2da\" data-element_type=\"widget\" data-e-type=\"widget\" data-widget_type=\"text-editor.default\">\n\t\t\t\t<div class=\"elementor-widget-container\">\n\t\t\t\t\t\t\t\t\t<p>Mime since 1976, Mario Diamond introduces a book about the basic mime techniques.<\/p><p>Step by step, each technique is explained with text, pictures and exercices to understand, then you can play and apply it to do improvisation.<\/p>\t\t\t\t\t\t\t\t<\/div>\n\t\t\t\t<\/div>\n\t\t\t\t<div class=\"elementor-element elementor-element-43b2f68d elementor-mobile-align-center elementor-align-left elementor-widget elementor-widget-button\" data-id=\"43b2f68d\" data-element_type=\"widget\" data-e-type=\"widget\" data-widget_type=\"button.default\">\n\t\t\t\t<div class=\"elementor-widget-container\">\n\t\t\t\t\t\t\t\t\t<div class=\"elementor-button-wrapper\">\n\t\t\t\t\t<a class=\"elementor-button elementor-button-link elementor-size-sm\" href=\"https:\/\/www.amazon.ca\/Body-Talk-Basic-Mario-Diamond\/dp\/1733971211\">\n\t\t\t\t\t\t<span class=\"elementor-button-content-wrapper\">\n\t\t\t\t\t\t<span class=\"elementor-button-icon\">\n\t\t\t\t<i aria-hidden=\"true\" class=\"fas fa-arrow-right\"><\/i>\t\t\t<\/span>\n\t\t\t\t\t\t\t\t\t<span class=\"elementor-button-text\">Buy the book<\/span>\n\t\t\t\t\t<\/span>\n\t\t\t\t\t<\/a>\n\t\t\t\t<\/div>\n\t\t\t\t\t\t\t\t<\/div>\n\t\t\t\t<\/div>\n\t\t\t\t\t<\/div>\n\t\t<\/div>\n\t\t\t\t<div class=\"elementor-column elementor-col-50 elementor-top-column elementor-element elementor-element-1dd344c1\" data-id=\"1dd344c1\" data-element_type=\"column\" data-e-type=\"column\">\n\t\t\t<div class=\"elementor-widget-wrap elementor-element-populated\">\n\t\t\t\t\t\t<section class=\"elementor-section elementor-inner-section elementor-element elementor-element-62f21606 elementor-section-boxed elementor-section-height-default elementor-section-height-default\" data-id=\"62f21606\" data-element_type=\"section\" data-e-type=\"section\">\n\t\t\t\t\t\t<div class=\"elementor-container elementor-column-gap-default\">\n\t\t\t\t\t<div class=\"elementor-column elementor-col-50 elementor-inner-column elementor-element elementor-element-773a9ed6\" data-id=\"773a9ed6\" data-element_type=\"column\" data-e-type=\"column\">\n\t\t\t<div class=\"elementor-widget-wrap elementor-element-populated\">\n\t\t\t\t\t\t<div class=\"elementor-element elementor-element-201a5aec elementor-widget elementor-widget-image\" data-id=\"201a5aec\" data-element_type=\"widget\" data-e-type=\"widget\" data-widget_type=\"image.default\">\n\t\t\t\t<div class=\"elementor-widget-container\">\n\t\t\t\t\t\t\t\t\t\t\t\t\t\t\t<img fetchpriority=\"high\" decoding=\"async\" width=\"683\" height=\"1024\" src=\"https:\/\/www.mimemario.com\/wp-content\/uploads\/2021\/09\/Body_Talk_Basic_Mime_front-683x1024.jpg\" class=\"attachment-large size-large wp-image-365\" alt=\"Body Talk Basic Mime Book front\" srcset=\"https:\/\/www.mimemario.com\/wp-content\/uploads\/2021\/09\/Body_Talk_Basic_Mime_front-683x1024.jpg 683w, https:\/\/www.mimemario.com\/wp-content\/uploads\/2021\/09\/Body_Talk_Basic_Mime_front-200x300.jpg 200w, https:\/\/www.mimemario.com\/wp-content\/uploads\/2021\/09\/Body_Talk_Basic_Mime_front-768x1152.jpg 768w, https:\/\/www.mimemario.com\/wp-content\/uploads\/2021\/09\/Body_Talk_Basic_Mime_front-100x150.jpg 100w, https:\/\/www.mimemario.com\/wp-content\/uploads\/2021\/09\/Body_Talk_Basic_Mime_front-150x225.jpg 150w, https:\/\/www.mimemario.com\/wp-content\/uploads\/2021\/09\/Body_Talk_Basic_Mime_front-300x450.jpg 300w, https:\/\/www.mimemario.com\/wp-content\/uploads\/2021\/09\/Body_Talk_Basic_Mime_front-450x675.jpg 450w, https:\/\/www.mimemario.com\/wp-content\/uploads\/2021\/09\/Body_Talk_Basic_Mime_front-600x900.jpg 600w, https:\/\/www.mimemario.com\/wp-content\/uploads\/2021\/09\/Body_Talk_Basic_Mime_front-900x1350.jpg 900w, https:\/\/www.mimemario.com\/wp-content\/uploads\/2021\/09\/Body_Talk_Basic_Mime_front.jpg 907w\" sizes=\"(max-width: 683px) 100vw, 683px\" \/>\t\t\t\t\t\t\t\t\t\t\t\t\t\t\t<\/div>\n\t\t\t\t<\/div>\n\t\t\t\t\t<\/div>\n\t\t<\/div>\n\t\t\t\t<div class=\"elementor-column elementor-col-50 elementor-inner-column elementor-element elementor-element-240335f6\" data-id=\"240335f6\" data-element_type=\"column\" data-e-type=\"column\">\n\t\t\t<div class=\"elementor-widget-wrap elementor-element-populated\">\n\t\t\t\t\t\t<div class=\"elementor-element elementor-element-73e45fa4 elementor-widget elementor-widget-image\" data-id=\"73e45fa4\" data-element_type=\"widget\" data-e-type=\"widget\" data-widget_type=\"image.default\">\n\t\t\t\t<div class=\"elementor-widget-container\">\n\t\t\t\t\t\t\t\t\t\t\t\t\t\t\t<img decoding=\"async\" width=\"683\" height=\"1024\" src=\"https:\/\/www.mimemario.com\/wp-content\/uploads\/2021\/09\/Body_Talk_Basic_Mime_back-683x1024.jpg\" class=\"attachment-large size-large wp-image-364\" alt=\"Body Talk Basic Mime Book back\" srcset=\"https:\/\/www.mimemario.com\/wp-content\/uploads\/2021\/09\/Body_Talk_Basic_Mime_back-683x1024.jpg 683w, https:\/\/www.mimemario.com\/wp-content\/uploads\/2021\/09\/Body_Talk_Basic_Mime_back-200x300.jpg 200w, https:\/\/www.mimemario.com\/wp-content\/uploads\/2021\/09\/Body_Talk_Basic_Mime_back-768x1152.jpg 768w, https:\/\/www.mimemario.com\/wp-content\/uploads\/2021\/09\/Body_Talk_Basic_Mime_back-100x150.jpg 100w, https:\/\/www.mimemario.com\/wp-content\/uploads\/2021\/09\/Body_Talk_Basic_Mime_back-150x225.jpg 150w, https:\/\/www.mimemario.com\/wp-content\/uploads\/2021\/09\/Body_Talk_Basic_Mime_back-300x450.jpg 300w, https:\/\/www.mimemario.com\/wp-content\/uploads\/2021\/09\/Body_Talk_Basic_Mime_back-450x675.jpg 450w, https:\/\/www.mimemario.com\/wp-content\/uploads\/2021\/09\/Body_Talk_Basic_Mime_back-600x900.jpg 600w, https:\/\/www.mimemario.com\/wp-content\/uploads\/2021\/09\/Body_Talk_Basic_Mime_back-900x1350.jpg 900w, https:\/\/www.mimemario.com\/wp-content\/uploads\/2021\/09\/Body_Talk_Basic_Mime_back.jpg 907w\" sizes=\"(max-width: 683px) 100vw, 683px\" \/>\t\t\t\t\t\t\t\t\t\t\t\t\t\t\t<\/div>\n\t\t\t\t<\/div>\n\t\t\t\t\t<\/div>\n\t\t<\/div>\n\t\t\t\t\t<\/div>\n\t\t<\/section>\n\t\t\t\t\t<\/div>\n\t\t<\/div>\n\t\t\t\t\t<\/div>\n\t\t<\/section>\n\t\t\t\t<\/div>\n\t\t","protected":false},"excerpt":{"rendered":"<p>Book Description Body Talk Basic Mime Mime since 1976, Mario Diamond introduces a book about the basic mime techniques. Step by step, each technique is explained with text, pictures and exercices to understand, then you can play and apply it to do improvisation. Buy the book<\/p>\n","protected":false},"author":1,"featured_media":0,"parent":0,"menu_order":0,"comment_status":"closed","ping_status":"closed","template":"","meta":{"_monsterinsights_skip_tracking":false,"_monsterinsights_sitenote_active":false,"_monsterinsights_sitenote_note":"","_monsterinsights_sitenote_category":0,"footnotes":""},"class_list":["post-380","page","type-page","status-publish","hentry"],"yoast_head":"<!-- This site is optimized with the Yoast SEO plugin v27.5 - https:\/\/yoast.com\/product\/yoast-seo-wordpress\/ -->\n<title>Mime Mario | Book to learn mime. Essential guide.<\/title>\n<meta name=\"description\" content=\"Discover Mime Mario Diamond&#039;s book, an expert mime since 1976. With &quot;Body Talk Basic Mime&quot;, learn the basic techniques of mime.\" \/>\n<meta name=\"robots\" content=\"index, follow, max-snippet:-1, max-image-preview:large, max-video-preview:-1\" \/>\n<link rel=\"canonical\" href=\"https:\/\/www.mimemario.com\/en\/book\/\" \/>\n<meta property=\"og:locale\" content=\"en_US\" \/>\n<meta property=\"og:type\" content=\"article\" \/>\n<meta property=\"og:title\" content=\"Mime Mario | Book to learn mime. Essential guide.\" \/>\n<meta property=\"og:description\" content=\"Discover Mime Mario Diamond&#039;s book, an expert mime since 1976. With &quot;Body Talk Basic Mime&quot;, learn the basic techniques of mime.\" \/>\n<meta property=\"og:url\" content=\"https:\/\/www.mimemario.com\/en\/book\/\" \/>\n<meta property=\"og:site_name\" content=\"Mime Mario\" \/>\n<meta property=\"article:publisher\" content=\"https:\/\/www.facebook.com\/mario.diamond.5\" \/>\n<meta property=\"article:modified_time\" content=\"2023-04-24T15:17:16+00:00\" \/>\n<meta property=\"og:image\" content=\"https:\/\/www.mimemario.com\/wp-content\/uploads\/2021\/09\/Body_Talk_Basic_Mime_front-683x1024.jpg\" \/>\n<meta name=\"twitter:card\" content=\"summary_large_image\" \/>\n<script type=\"application\/ld+json\" class=\"yoast-schema-graph\">{\"@context\":\"https:\\\/\\\/schema.org\",\"@graph\":[{\"@type\":\"WebPage\",\"@id\":\"https:\\\/\\\/www.mimemario.com\\\/en\\\/book\\\/\",\"url\":\"https:\\\/\\\/www.mimemario.com\\\/en\\\/book\\\/\",\"name\":\"Mime Mario | Book to learn mime. Essential guide.\",\"isPartOf\":{\"@id\":\"https:\\\/\\\/www.mimemario.com\\\/#website\"},\"primaryImageOfPage\":{\"@id\":\"https:\\\/\\\/www.mimemario.com\\\/en\\\/book\\\/#primaryimage\"},\"image\":{\"@id\":\"https:\\\/\\\/www.mimemario.com\\\/en\\\/book\\\/#primaryimage\"},\"thumbnailUrl\":\"https:\\\/\\\/www.mimemario.com\\\/wp-content\\\/uploads\\\/2021\\\/09\\\/Body_Talk_Basic_Mime_front-683x1024.jpg\",\"datePublished\":\"2021-09-02T01:53:50+00:00\",\"dateModified\":\"2023-04-24T15:17:16+00:00\",\"description\":\"Discover Mime Mario Diamond's book, an expert mime since 1976. With \\\"Body Talk Basic Mime\\\", learn the basic techniques of mime.\",\"breadcrumb\":{\"@id\":\"https:\\\/\\\/www.mimemario.com\\\/en\\\/book\\\/#breadcrumb\"},\"inLanguage\":\"en-US\",\"potentialAction\":[{\"@type\":\"ReadAction\",\"target\":[\"https:\\\/\\\/www.mimemario.com\\\/en\\\/book\\\/\"]}]},{\"@type\":\"ImageObject\",\"inLanguage\":\"en-US\",\"@id\":\"https:\\\/\\\/www.mimemario.com\\\/en\\\/book\\\/#primaryimage\",\"url\":\"https:\\\/\\\/www.mimemario.com\\\/wp-content\\\/uploads\\\/2021\\\/09\\\/Body_Talk_Basic_Mime_front-683x1024.jpg\",\"contentUrl\":\"https:\\\/\\\/www.mimemario.com\\\/wp-content\\\/uploads\\\/2021\\\/09\\\/Body_Talk_Basic_Mime_front-683x1024.jpg\"},{\"@type\":\"BreadcrumbList\",\"@id\":\"https:\\\/\\\/www.mimemario.com\\\/en\\\/book\\\/#breadcrumb\",\"itemListElement\":[{\"@type\":\"ListItem\",\"position\":1,\"name\":\"Accueil\",\"item\":\"https:\\\/\\\/www.mimemario.com\\\/en\\\/\"},{\"@type\":\"ListItem\",\"position\":2,\"name\":\"Book\"}]},{\"@type\":\"WebSite\",\"@id\":\"https:\\\/\\\/www.mimemario.com\\\/#website\",\"url\":\"https:\\\/\\\/www.mimemario.com\\\/\",\"name\":\"Mime Mario\",\"description\":\"Mime, Circus artist and street performer.\",\"publisher\":{\"@id\":\"https:\\\/\\\/www.mimemario.com\\\/#\\\/schema\\\/person\\\/37d82a91b8faadcf8863ff117ac2ce22\"},\"potentialAction\":[{\"@type\":\"SearchAction\",\"target\":{\"@type\":\"EntryPoint\",\"urlTemplate\":\"https:\\\/\\\/www.mimemario.com\\\/?s={search_term_string}\"},\"query-input\":{\"@type\":\"PropertyValueSpecification\",\"valueRequired\":true,\"valueName\":\"search_term_string\"}}],\"inLanguage\":\"en-US\"},{\"@type\":[\"Person\",\"Organization\"],\"@id\":\"https:\\\/\\\/www.mimemario.com\\\/#\\\/schema\\\/person\\\/37d82a91b8faadcf8863ff117ac2ce22\",\"name\":\"Mario Diamond\",\"image\":{\"@type\":\"ImageObject\",\"inLanguage\":\"en-US\",\"@id\":\"https:\\\/\\\/www.mimemario.com\\\/wp-content\\\/uploads\\\/2023\\\/04\\\/logo-mimemario.jpg\",\"url\":\"https:\\\/\\\/www.mimemario.com\\\/wp-content\\\/uploads\\\/2023\\\/04\\\/logo-mimemario.jpg\",\"contentUrl\":\"https:\\\/\\\/www.mimemario.com\\\/wp-content\\\/uploads\\\/2023\\\/04\\\/logo-mimemario.jpg\",\"width\":130,\"height\":92,\"caption\":\"Mario Diamond\"},\"logo\":{\"@id\":\"https:\\\/\\\/www.mimemario.com\\\/wp-content\\\/uploads\\\/2023\\\/04\\\/logo-mimemario.jpg\"},\"description\":\"Mario Diamond N\u00e9 en 1958, \u00e0 Louiseville, Qu\u00e9bec, Canada, il d\u00e9couvre le mime lors de ses \u00e9tudes en litt\u00e9rature au Cegep. En 1976, Mario donne son premier spectacle. \u00c0 ce jour, le mime a donn\u00e9 plus de 9000 repr\u00e9sentations en Europe, en Asie, en Am\u00e9rique du nord et du sud, a jou\u00e9 \u00e0 la t\u00e9l\u00e9vision et au cin\u00e9ma. Avec son langage international, il s\u2019adresse \u00e0 un auditoire vari\u00e9, de l\u2019enfant \u00e0 l\u2019adulte d\u2019\u00e2ge m\u00fbr et partout sur la plan\u00e8te.\",\"sameAs\":[\"http:\\\/\\\/mimemario.com\",\"https:\\\/\\\/www.facebook.com\\\/mario.diamond.5\",\"https:\\\/\\\/www.youtube.com\\\/@mariodiamond2450\"]}]}<\/script>\n<!-- \/ Yoast SEO plugin. -->","yoast_head_json":{"title":"Mime Mario | Book to learn mime. Essential guide.","description":"Discover Mime Mario Diamond's book, an expert mime since 1976. With \"Body Talk Basic Mime\", learn the basic techniques of mime.","robots":{"index":"index","follow":"follow","max-snippet":"max-snippet:-1","max-image-preview":"max-image-preview:large","max-video-preview":"max-video-preview:-1"},"canonical":"https:\/\/www.mimemario.com\/en\/book\/","og_locale":"en_US","og_type":"article","og_title":"Mime Mario | Book to learn mime. Essential guide.","og_description":"Discover Mime Mario Diamond's book, an expert mime since 1976. With \"Body Talk Basic Mime\", learn the basic techniques of mime.","og_url":"https:\/\/www.mimemario.com\/en\/book\/","og_site_name":"Mime Mario","article_publisher":"https:\/\/www.facebook.com\/mario.diamond.5","article_modified_time":"2023-04-24T15:17:16+00:00","og_image":[{"url":"https:\/\/www.mimemario.com\/wp-content\/uploads\/2021\/09\/Body_Talk_Basic_Mime_front-683x1024.jpg","type":"","width":"","height":""}],"twitter_card":"summary_large_image","schema":{"@context":"https:\/\/schema.org","@graph":[{"@type":"WebPage","@id":"https:\/\/www.mimemario.com\/en\/book\/","url":"https:\/\/www.mimemario.com\/en\/book\/","name":"Mime Mario | Book to learn mime. Essential guide.","isPartOf":{"@id":"https:\/\/www.mimemario.com\/#website"},"primaryImageOfPage":{"@id":"https:\/\/www.mimemario.com\/en\/book\/#primaryimage"},"image":{"@id":"https:\/\/www.mimemario.com\/en\/book\/#primaryimage"},"thumbnailUrl":"https:\/\/www.mimemario.com\/wp-content\/uploads\/2021\/09\/Body_Talk_Basic_Mime_front-683x1024.jpg","datePublished":"2021-09-02T01:53:50+00:00","dateModified":"2023-04-24T15:17:16+00:00","description":"Discover Mime Mario Diamond's book, an expert mime since 1976. With \"Body Talk Basic Mime\", learn the basic techniques of mime.","breadcrumb":{"@id":"https:\/\/www.mimemario.com\/en\/book\/#breadcrumb"},"inLanguage":"en-US","potentialAction":[{"@type":"ReadAction","target":["https:\/\/www.mimemario.com\/en\/book\/"]}]},{"@type":"ImageObject","inLanguage":"en-US","@id":"https:\/\/www.mimemario.com\/en\/book\/#primaryimage","url":"https:\/\/www.mimemario.com\/wp-content\/uploads\/2021\/09\/Body_Talk_Basic_Mime_front-683x1024.jpg","contentUrl":"https:\/\/www.mimemario.com\/wp-content\/uploads\/2021\/09\/Body_Talk_Basic_Mime_front-683x1024.jpg"},{"@type":"BreadcrumbList","@id":"https:\/\/www.mimemario.com\/en\/book\/#breadcrumb","itemListElement":[{"@type":"ListItem","position":1,"name":"Accueil","item":"https:\/\/www.mimemario.com\/en\/"},{"@type":"ListItem","position":2,"name":"Book"}]},{"@type":"WebSite","@id":"https:\/\/www.mimemario.com\/#website","url":"https:\/\/www.mimemario.com\/","name":"Mime Mario","description":"Mime, Circus artist and street performer.","publisher":{"@id":"https:\/\/www.mimemario.com\/#\/schema\/person\/37d82a91b8faadcf8863ff117ac2ce22"},"potentialAction":[{"@type":"SearchAction","target":{"@type":"EntryPoint","urlTemplate":"https:\/\/www.mimemario.com\/?s={search_term_string}"},"query-input":{"@type":"PropertyValueSpecification","valueRequired":true,"valueName":"search_term_string"}}],"inLanguage":"en-US"},{"@type":["Person","Organization"],"@id":"https:\/\/www.mimemario.com\/#\/schema\/person\/37d82a91b8faadcf8863ff117ac2ce22","name":"Mario Diamond","image":{"@type":"ImageObject","inLanguage":"en-US","@id":"https:\/\/www.mimemario.com\/wp-content\/uploads\/2023\/04\/logo-mimemario.jpg","url":"https:\/\/www.mimemario.com\/wp-content\/uploads\/2023\/04\/logo-mimemario.jpg","contentUrl":"https:\/\/www.mimemario.com\/wp-content\/uploads\/2023\/04\/logo-mimemario.jpg","width":130,"height":92,"caption":"Mario Diamond"},"logo":{"@id":"https:\/\/www.mimemario.com\/wp-content\/uploads\/2023\/04\/logo-mimemario.jpg"},"description":"Mario Diamond N\u00e9 en 1958, \u00e0 Louiseville, Qu\u00e9bec, Canada, il d\u00e9couvre le mime lors de ses \u00e9tudes en litt\u00e9rature au Cegep. En 1976, Mario donne son premier spectacle. \u00c0 ce jour, le mime a donn\u00e9 plus de 9000 repr\u00e9sentations en Europe, en Asie, en Am\u00e9rique du nord et du sud, a jou\u00e9 \u00e0 la t\u00e9l\u00e9vision et au cin\u00e9ma. Avec son langage international, il s\u2019adresse \u00e0 un auditoire vari\u00e9, de l\u2019enfant \u00e0 l\u2019adulte d\u2019\u00e2ge m\u00fbr et partout sur la plan\u00e8te.","sameAs":["http:\/\/mimemario.com","https:\/\/www.facebook.com\/mario.diamond.5","https:\/\/www.youtube.com\/@mariodiamond2450"]}]}},"_links":{"self":[{"href":"https:\/\/www.mimemario.com\/en\/wp-json\/wp\/v2\/pages\/380","targetHints":{"allow":["GET"]}}],"collection":[{"href":"https:\/\/www.mimemario.com\/en\/wp-json\/wp\/v2\/pages"}],"about":[{"href":"https:\/\/www.mimemario.com\/en\/wp-json\/wp\/v2\/types\/page"}],"author":[{"embeddable":true,"href":"https:\/\/www.mimemario.com\/en\/wp-json\/wp\/v2\/users\/1"}],"replies":[{"embeddable":true,"href":"https:\/\/www.mimemario.com\/en\/wp-json\/wp\/v2\/comments?post=380"}],"version-history":[{"count":15,"href":"https:\/\/www.mimemario.com\/en\/wp-json\/wp\/v2\/pages\/380\/revisions"}],"predecessor-version":[{"id":1519,"href":"https:\/\/www.mimemario.com\/en\/wp-json\/wp\/v2\/pages\/380\/revisions\/1519"}],"wp:attachment":[{"href":"https:\/\/www.mimemario.com\/en\/wp-json\/wp\/v2\/media?parent=380"}],"curies":[{"name":"wp","href":"https:\/\/api.w.org\/{rel}","templated":true}]}}